{"id":319,"date":"2025-07-27T19:54:13","date_gmt":"2025-07-27T17:54:13","guid":{"rendered":"https:\/\/www.adoneconseil.fr\/?page_id=319"},"modified":"2025-12-19T14:22:28","modified_gmt":"2025-12-19T13:22:28","slug":"accessibilita","status":"publish","type":"page","link":"https:\/\/www.adoneconseil.fr\/it\/accessibilita\/","title":{"rendered":"Accessibilit\u00e0"},"content":{"rendered":"<div class=\"container-xxl\"><div class=\"row\"><div class=\"col-12 py-1 px-2\">\n<h2 class=\"wp-block-heading\"><strong>Dichiarazione\u00a0di\u00a0accessibilit\u00e0\u00a0<\/strong><\/h2>\n<\/div><\/div><\/div><div class=\"container-xxl\"><div class=\"row\"><div class=\"col-12 px-2\">\n\n<\/div><\/div><\/div><div class=\"container-xxl\"><div class=\"row\"><div class=\"col-12 py-1 px-2\"><div class=\"wp-block-paragraph\">\n<p>Magellan Partners si impegna a rendere accessibili i propri siti internet, intranet ed extranet e i propri pacchetti software ai sensi dell\u2019articolo 47 della legge n. 2005-102 dell\u201911 febbraio 2005.&nbsp;<\/p>\n<\/div><\/div><\/div><\/div><div class=\"container-xxl\"><div class=\"row\"><div class=\"col-12 px-2\">\n\n<\/div><\/div><\/div><div class=\"container-xxl\"><div class=\"row\"><div class=\"col-12 py-1 px-2\"><div class=\"wp-block-paragraph\">\n<p>La presente dichiarazione di accessibilit\u00e0 si applica ad&nbsp;<a href=\"https:\/\/www.adoneconseil.fr\/it\" target=\"_blank\" rel=\"noreferrer noopener\">Adone<\/a>.&nbsp;<\/p>\n<\/div><\/div><\/div><\/div><div class=\"container-xxl\"><div class=\"row\"><div class=\"col-12 px-2\">\n\n<\/div><\/div><\/div><div class=\"container-xxl\"><div class=\"row\"><div class=\"col-12 py-1 px-2\"><div class=\"wp-block-paragraph\">\n<p>Stato di conformit\u00e0&nbsp;<\/p>\n<\/div><\/div><\/div><\/div><div class=\"container-xxl\"><div class=\"row\"><div class=\"col-12 px-2\">\n\n<\/div><\/div><\/div><div class=\"container-xxl\"><div class=\"row\"><div class=\"col-12 py-1 px-2\"><div class=\"wp-block-paragraph\">\n<p>Non \u00e8 stata ancora effettuata alcuna verifica.&nbsp;<\/p>\n<\/div><\/div><\/div><\/div><div class=\"container-xxl\"><div class=\"row\"><div class=\"col-12 px-2\">\n\n<\/div><\/div><\/div><div class=\"container-xxl\"><div class=\"row\"><div class=\"col-12 py-1 px-2\"><div class=\"wp-block-paragraph\">\n<p>Questo sito non \u00e8 conforme alla (RGAA).<\/p>\n<\/div><\/div><\/div><\/div><div class=\"container-xxl\"><div class=\"row\"><div class=\"col-12 px-2\">\n\n<\/div><\/div><\/div><div class=\"container-xxl\"><div class=\"row\"><div class=\"col-12 py-1 px-2\"><div class=\"wp-block-paragraph\">\n<p>\u00c8 prevista una verifica di conformit\u00e0 e lo stato di conformit\u00e0 sar\u00e0 aggiornato.&nbsp;<\/p>\n<\/div><\/div><\/div><\/div><div class=\"container-xxl\"><div class=\"row\"><div class=\"col-12 px-2\">\n\n<\/div><\/div><\/div><div class=\"container-xxl\"><div class=\"row\"><div class=\"col-12 py-1 px-2\"><div class=\"wp-block-paragraph\">\n<p>Feedback e contatti&nbsp;<\/p>\n<\/div><\/div><\/div><\/div><div class=\"container-xxl\"><div class=\"row\"><div class=\"col-12 px-2\">\n\n<\/div><\/div><\/div><div class=\"container-xxl\"><div class=\"row\"><div class=\"col-12 py-1 px-2\"><div class=\"wp-block-paragraph\">\n<p>Se non riuscite ad accedere a un contenuto o a un servizio, potete contattarci via e-mail all\u2019indirizzo&nbsp;<a href=\"mailto:marketing@adone.fr\">marketing@adone.fr<\/a>&nbsp;per essere indirizzati verso un\u2019alternativa accessibile o per ottenere il contenuto in un\u2019altra forma.&nbsp;<\/p>\n<\/div><\/div><\/div><\/div><div class=\"container-xxl\"><div class=\"row\"><div class=\"col-12 px-2\">\n\n<\/div><\/div><\/div><div class=\"container-xxl\"><div class=\"row\"><div class=\"col-12 py-1 px-2\"><div class=\"wp-block-paragraph\">\n<p>Rimedi&nbsp;<\/p>\n<\/div><\/div><\/div><\/div><div class=\"container-xxl\"><div class=\"row\"><div class=\"col-12 px-2\">\n\n<\/div><\/div><\/div><div class=\"container-xxl\"><div class=\"row\"><div class=\"col-12 py-1 px-2\"><div class=\"wp-block-paragraph\">\n<p>Questa procedura deve essere utilizzata nel seguente caso.&nbsp;<\/p>\n<\/div><\/div><\/div><\/div><div class=\"container-xxl\"><div class=\"row\"><div class=\"col-12 px-2\">\n\n<\/div><\/div><\/div><div class=\"container-xxl\"><div class=\"row\"><div class=\"col-12 py-1 px-2\"><div class=\"wp-block-paragraph\">\n<p>Avete segnalato al gestore del sito web una mancanza di accessibilit\u00e0 che vi impedisce di accedere ai contenuti o a uno dei servizi del portale e non avete ricevuto una risposta soddisfacente.&nbsp;<\/p>\n<\/div><\/div><\/div><\/div><div class=\"container-xxl\"><div class=\"row\"><div class=\"col-12 px-2\">\n\n<\/div><\/div><\/div><div class=\"container-xxl\"><div class=\"row\"><div class=\"col-12 py-1 px-2\"><div class=\"wp-block-paragraph\">\n<p><a href=\"https:\/\/fra01.safelinks.protection.outlook.com\/?url=https%3A%2F%2Fformulaire.defenseurdesdroits.fr%2Fformulaire_saisine&amp;data=05%7C02%7Cjean-michel.gueroult%40adone.fr%7C39956d7a364f4b8b21e408dd7cc84c21%7C91a30855a77743a68fad66854b9a4d1b%7C0%7C0%7C638803921906905661%7CUnknown%7CTWFpbGZsb3d8eyJFbXB0eU1hcGkiOnRydWUsIlYiOiIwLjAuMDAwMCIsIlAiOiJXaW4zMiIsIkFOIjoiTWFpbCIsIldUIjoyfQ%3D%3D%7C0%7C%7C%7C&amp;sdata=obTR2yyryFXm3WC9BVYOJs8g%2FgrOgnnP64yLU5porNw%3D&amp;reserved=0\" target=\"_blank\" rel=\"noreferrer noopener\">Scrivere un messaggio al Difensore dei diritti umani&nbsp;<\/a><\/p>\n<\/div><\/div><\/div><\/div><div class=\"container-xxl\"><div class=\"row\"><div class=\"col-12 px-2\">\n\n<\/div><\/div><\/div><div class=\"container-xxl\"><div class=\"row\"><div class=\"col-12 py-1 px-2\"><div class=\"wp-block-paragraph\">\n<p><a href=\"https:\/\/fra01.safelinks.protection.outlook.com\/?url=https%3A%2F%2Fwww.defenseurdesdroits.fr%2Fcarte-des-delegues&amp;data=05%7C02%7Cjean-michel.gueroult%40adone.fr%7C39956d7a364f4b8b21e408dd7cc84c21%7C91a30855a77743a68fad66854b9a4d1b%7C0%7C0%7C638803921906922725%7CUnknown%7CTWFpbGZsb3d8eyJFbXB0eU1hcGkiOnRydWUsIlYiOiIwLjAuMDAwMCIsIlAiOiJXaW4zMiIsIkFOIjoiTWFpbCIsIldUIjoyfQ%3D%3D%7C0%7C%7C%7C&amp;sdata=nadWm7L4OHI0daJQM002sLwD0dOFfTkmw2SatwRDJlY%3D&amp;reserved=0\" target=\"_blank\" rel=\"noreferrer noopener\">Contattare il delegato del Difensore dei diritti nella propria regione.&nbsp;<\/a><\/p>\n<\/div><\/div><\/div><\/div><div class=\"container-xxl\"><div class=\"row\"><div class=\"col-12 px-2\">\n\n<\/div><\/div><\/div><div class=\"container-xxl\"><div class=\"row\"><div class=\"col-12 py-1 px-2\"><div class=\"wp-block-paragraph\">\n<p>&nbsp;Inviare una lettera per posta (gratuita, senza francobollo):&nbsp;<\/p>\n<\/div><\/div><\/div><\/div><div class=\"container-xxl\"><div class=\"row\"><div class=\"col-12 px-2\">\n\n<\/div><\/div><\/div><div class=\"container-xxl\"><div class=\"row\"><div class=\"col-12 py-1 px-2\"><div class=\"wp-block-paragraph\">\n<p>D\u00e9fenseur des droits<\/p>\n<\/div><\/div><\/div><\/div><div class=\"container-xxl\"><div class=\"row\"><div class=\"col-12 px-2\">\n\n<\/div><\/div><\/div><div class=\"container-xxl\"><div class=\"row\"><div class=\"col-12 py-1 px-2\"><div class=\"wp-block-paragraph\">\n<p>Libre r\u00e9ponse 71120&nbsp;<\/p>\n<\/div><\/div><\/div><\/div><div class=\"container-xxl\"><div class=\"row\"><div class=\"col-12 px-2\">\n\n<\/div><\/div><\/div><div class=\"container-xxl\"><div class=\"row\"><div class=\"col-12 py-1 px-2\"><div class=\"wp-block-paragraph\">\n<p>75342 Paris CEDEX 07&nbsp;<\/p>\n<\/div><\/div><\/div><\/div><div class=\"container-xxl\"><div class=\"row\"><div class=\"col-12 px-2\">\n\n<\/div><\/div><\/div>\n<div style=\"height:100px\" aria-hidden=\"true\" class=\"wp-block-spacer\"><\/div>\n<div class=\"container-xxl\"><div class=\"row\"><div class=\"col-12 px-2\">\n\n<\/div><\/div><\/div><div class=\"container-xxl\"><div class=\"row\"><div class=\"col-12 py-1 px-2\"><div class=\"wp-block-paragraph\">\n<p><\/p>\n<\/div><\/div><\/div><\/div>","protected":false},"excerpt":{"rendered":"<p>Dichiarazione\u00a0di\u00a0accessibilit\u00e0\u00a0 Magellan Partners si impegna a rendere accessibili i propri siti internet, intranet ed extranet e i propri pacchetti software ai sensi dell\u2019articolo 47 della legge n. 2005-102 dell\u201911 febbraio 2005.&nbsp; La presente dichiarazione di accessibilit\u00e0 si applica ad&nbsp;Adone.&nbsp; Stato di conformit\u00e0&nbsp; Non \u00e8 stata ancora effettuata alcuna verifica.&nbsp; Questo sito non \u00e8 conforme alla [&hellip;]<\/p>\n","protected":false},"author":1,"featured_media":0,"parent":0,"menu_order":0,"comment_status":"closed","ping_status":"closed","template":"","meta":{"_acf_changed":false,"footnotes":""},"class_list":["post-319","page","type-page","status-publish","hentry"],"acf":[],"yoast_head":"<!-- This site is optimized with the Yoast SEO plugin v26.7 - https:\/\/yoast.com\/wordpress\/plugins\/seo\/ -->\n<title>Accessibilit\u00e0 - Adone Conseil<\/title>\n<meta name=\"robots\" content=\"index, follow, max-snippet:-1, max-image-preview:large, max-video-preview:-1\" \/>\n<link rel=\"canonical\" href=\"https:\/\/www.adoneconseil.fr\/it\/accessibilita\/\" \/>\n<meta property=\"og:locale\" content=\"it_IT\" \/>\n<meta property=\"og:type\" content=\"article\" \/>\n<meta property=\"og:title\" content=\"Accessibilit\u00e0 - Adone Conseil\" \/>\n<meta property=\"og:description\" content=\"Dichiarazione\u00a0di\u00a0accessibilit\u00e0\u00a0 Magellan Partners si impegna a rendere accessibili i propri siti internet, intranet ed extranet e i propri pacchetti software ai sensi dell\u2019articolo 47 della legge n. 2005-102 dell\u201911 febbraio 2005.&nbsp; La presente dichiarazione di accessibilit\u00e0 si applica ad&nbsp;Adone.&nbsp; Stato di conformit\u00e0&nbsp; Non \u00e8 stata ancora effettuata alcuna verifica.&nbsp; Questo sito non \u00e8 conforme alla [&hellip;]\" \/>\n<meta property=\"og:url\" content=\"https:\/\/www.adoneconseil.fr\/it\/accessibilita\/\" \/>\n<meta property=\"og:site_name\" content=\"Adone Conseil\" \/>\n<meta property=\"article:modified_time\" content=\"2025-12-19T13:22:28+00:00\" \/>\n<meta name=\"twitter:card\" content=\"summary_large_image\" \/>\n<meta name=\"twitter:label1\" content=\"Tempo di lettura stimato\" \/>\n\t<meta name=\"twitter:data1\" content=\"1 minuto\" \/>\n<script type=\"application\/ld+json\" class=\"yoast-schema-graph\">{\"@context\":\"https:\/\/schema.org\",\"@graph\":[{\"@type\":\"WebPage\",\"@id\":\"https:\/\/www.adoneconseil.fr\/it\/accessibilita\/\",\"url\":\"https:\/\/www.adoneconseil.fr\/it\/accessibilita\/\",\"name\":\"Accessibilit\u00e0 - Adone Conseil\",\"isPartOf\":{\"@id\":\"https:\/\/www.adoneconseil.fr\/it\/#website\"},\"datePublished\":\"2025-07-27T17:54:13+00:00\",\"dateModified\":\"2025-12-19T13:22:28+00:00\",\"breadcrumb\":{\"@id\":\"https:\/\/www.adoneconseil.fr\/it\/accessibilita\/#breadcrumb\"},\"inLanguage\":\"it-IT\",\"potentialAction\":[{\"@type\":\"ReadAction\",\"target\":[\"https:\/\/www.adoneconseil.fr\/it\/accessibilita\/\"]}]},{\"@type\":\"BreadcrumbList\",\"@id\":\"https:\/\/www.adoneconseil.fr\/it\/accessibilita\/#breadcrumb\",\"itemListElement\":[{\"@type\":\"ListItem\",\"position\":1,\"name\":\"Home\",\"item\":\"https:\/\/www.adoneconseil.fr\/it\/\"},{\"@type\":\"ListItem\",\"position\":2,\"name\":\"Accessibilit\u00e0\"}]},{\"@type\":\"WebSite\",\"@id\":\"https:\/\/www.adoneconseil.fr\/it\/#website\",\"url\":\"https:\/\/www.adoneconseil.fr\/it\/\",\"name\":\"Adone Conseil\",\"description\":\"\",\"potentialAction\":[{\"@type\":\"SearchAction\",\"target\":{\"@type\":\"EntryPoint\",\"urlTemplate\":\"https:\/\/www.adoneconseil.fr\/it\/?s={search_term_string}\"},\"query-input\":{\"@type\":\"PropertyValueSpecification\",\"valueRequired\":true,\"valueName\":\"search_term_string\"}}],\"inLanguage\":\"it-IT\"}]}<\/script>\n<!-- \/ Yoast SEO plugin. -->","yoast_head_json":{"title":"Accessibilit\u00e0 - Adone Conseil","robots":{"index":"index","follow":"follow","max-snippet":"max-snippet:-1","max-image-preview":"max-image-preview:large","max-video-preview":"max-video-preview:-1"},"canonical":"https:\/\/www.adoneconseil.fr\/it\/accessibilita\/","og_locale":"it_IT","og_type":"article","og_title":"Accessibilit\u00e0 - Adone Conseil","og_description":"Dichiarazione\u00a0di\u00a0accessibilit\u00e0\u00a0 Magellan Partners si impegna a rendere accessibili i propri siti internet, intranet ed extranet e i propri pacchetti software ai sensi dell\u2019articolo 47 della legge n. 2005-102 dell\u201911 febbraio 2005.&nbsp; La presente dichiarazione di accessibilit\u00e0 si applica ad&nbsp;Adone.&nbsp; Stato di conformit\u00e0&nbsp; Non \u00e8 stata ancora effettuata alcuna verifica.&nbsp; Questo sito non \u00e8 conforme alla [&hellip;]","og_url":"https:\/\/www.adoneconseil.fr\/it\/accessibilita\/","og_site_name":"Adone Conseil","article_modified_time":"2025-12-19T13:22:28+00:00","twitter_card":"summary_large_image","twitter_misc":{"Tempo di lettura stimato":"1 minuto"},"schema":{"@context":"https:\/\/schema.org","@graph":[{"@type":"WebPage","@id":"https:\/\/www.adoneconseil.fr\/it\/accessibilita\/","url":"https:\/\/www.adoneconseil.fr\/it\/accessibilita\/","name":"Accessibilit\u00e0 - Adone Conseil","isPartOf":{"@id":"https:\/\/www.adoneconseil.fr\/it\/#website"},"datePublished":"2025-07-27T17:54:13+00:00","dateModified":"2025-12-19T13:22:28+00:00","breadcrumb":{"@id":"https:\/\/www.adoneconseil.fr\/it\/accessibilita\/#breadcrumb"},"inLanguage":"it-IT","potentialAction":[{"@type":"ReadAction","target":["https:\/\/www.adoneconseil.fr\/it\/accessibilita\/"]}]},{"@type":"BreadcrumbList","@id":"https:\/\/www.adoneconseil.fr\/it\/accessibilita\/#breadcrumb","itemListElement":[{"@type":"ListItem","position":1,"name":"Home","item":"https:\/\/www.adoneconseil.fr\/it\/"},{"@type":"ListItem","position":2,"name":"Accessibilit\u00e0"}]},{"@type":"WebSite","@id":"https:\/\/www.adoneconseil.fr\/it\/#website","url":"https:\/\/www.adoneconseil.fr\/it\/","name":"Adone Conseil","description":"","potentialAction":[{"@type":"SearchAction","target":{"@type":"EntryPoint","urlTemplate":"https:\/\/www.adoneconseil.fr\/it\/?s={search_term_string}"},"query-input":{"@type":"PropertyValueSpecification","valueRequired":true,"valueName":"search_term_string"}}],"inLanguage":"it-IT"}]}},"_links":{"self":[{"href":"https:\/\/www.adoneconseil.fr\/it\/wp-json\/wp\/v2\/pages\/319","targetHints":{"allow":["GET"]}}],"collection":[{"href":"https:\/\/www.adoneconseil.fr\/it\/wp-json\/wp\/v2\/pages"}],"about":[{"href":"https:\/\/www.adoneconseil.fr\/it\/wp-json\/wp\/v2\/types\/page"}],"author":[{"embeddable":true,"href":"https:\/\/www.adoneconseil.fr\/it\/wp-json\/wp\/v2\/users\/1"}],"replies":[{"embeddable":true,"href":"https:\/\/www.adoneconseil.fr\/it\/wp-json\/wp\/v2\/comments?post=319"}],"version-history":[{"count":1,"href":"https:\/\/www.adoneconseil.fr\/it\/wp-json\/wp\/v2\/pages\/319\/revisions"}],"predecessor-version":[{"id":44704,"href":"https:\/\/www.adoneconseil.fr\/it\/wp-json\/wp\/v2\/pages\/319\/revisions\/44704"}],"wp:attachment":[{"href":"https:\/\/www.adoneconseil.fr\/it\/wp-json\/wp\/v2\/media?parent=319"}],"curies":[{"name":"wp","href":"https:\/\/api.w.org\/{rel}","templated":true}]}}