{"id":265,"date":"2025-07-25T10:17:02","date_gmt":"2025-07-25T08:17:02","guid":{"rendered":"https:\/\/www.adoneconseil.fr\/?page_id=265"},"modified":"2026-01-20T09:26:44","modified_gmt":"2026-01-20T08:26:44","slug":"moda-abbigliamento","status":"publish","type":"page","link":"https:\/\/www.adoneconseil.fr\/it\/tutti-i-settori\/moda-abbigliamento\/","title":{"rendered":"Moda &amp; Abbigliamento"},"content":{"rendered":"<div class=\"container-xxl\"><div class=\"row\"><div class=\"col-12 py-1 px-2\"><div class=\"wp-block-paragraph\">\n<p class=\"has-text-align-center\">L\u2019industria della Moda e dell\u2019Abbigliamento \u00e8 un settore in cui poche grandi Maison convivono con una vasta maggioranza di PMI del pr\u00eat-\u00e0-porter. In entrambi questi contesti, tuttavia, un elemento rimane centrale: l\u2019innovazione, costantemente ricercata.<\/p>\n<\/div><\/div><\/div><\/div><div class=\"container-xxl\"><div class=\"row\"><div class=\"col-12 px-2\">\n\n<\/div><\/div><\/div><section class=\"block   block--textes-images\n  bg-gray-300\n\" data-scroll>\n  <div class=\"container-xxl\">\n    <div class=\"row\">\n      <div class=\"col-12 p-1 px-md-3 px-xxl-1\">\n                                                                                <h2 class=\"field-hn px-1 mb-1\">\n                  <span class=\"field-subtitle\">La<\/span>\n                  <span class=\"field-title\">nostra esperienza<\/span>\n            <\/h2>\n                  \n         \n<div class=\"row mt-6 mt-md-8\">\n\n  <div class=\"content-wrapper col-12 col-md-6 \">\n    <div class=\"content\">\n      <div class=\"splide main-carousel\">\n        <div class=\"splide__track\">\n          <ul class=\"splide__list\">\n                          <li class=\"splide__slide\">\n                <div class=\" px-3 px-md-5 px-md-6 pt-3 pt-md-5 pb-3 \">\n                    \n                      <div class=\"field-text\"><p>Per accompagnare le aziende della Moda e dell\u2019Abbigliamento nelle diverse sfide del settore, Adone Conseil ha sviluppato delle competenze approfondite in ambiti chiave quali la Customer Experience, il ciclo di vita del prodotto, la digitalizzazione del punto vendita e l\u2019ottimizzazione della Supply Chain.<\/p>\n<\/div>\n                                  \n                <\/div>\n              <\/li>\n                      <\/ul>\n        <\/div>\n      <\/div>\n      <div class=\"splide-pagination-custom d-none pb-3 justify-content-center align-items-center\">\n        <button type=\"button\" class=\"btn btn-link text-decoration-none p-1 text-red custom-prev-arrow\"> &lt; <\/button>\n        \n        <div class=\"pagination-numbers\">\n          <span class=\"current-index\">01<\/span> \/ <span class=\"total-slides\">01<\/span>\n        <\/div>\n\n        <button type=\"button\" class=\"btn btn-link text-decoration-none p-1 text-red custom-next-arrow\"> &gt; <\/button>\n      <\/div>\n    <\/div>\n  <\/div>\n\n  <div class=\"col-12 col-md-5\">\n    <div class=\"row d-flex justify-content-center align-items-start\">\n      <div class=\"splide thumbnail-carousel\">\n        <div class=\"splide__track\">\n          <ul class=\"splide__list\">\n                          <li class=\"splide__slide\">\n                \t\t\t\t\t\t\t\t\n\n  <div class=\"field-image \">\n    <figure class=\"field-image--figure h-100 m-0\">\n      <img decoding=\"async\" src=\"https:\/\/www.adoneconseil.fr\/it\/wp-content\/uploads\/sites\/3\/2025\/08\/Secteurs-Notre-experience-570x350-1.jpg\" \n        class=\"img-fluid field-image--img\"\n         alt=\"Image d'illustration\"         title=\"Secteurs-Notre-exp\u00e9rience-570&#215;350\"         width=\"570\"         height=\"350\"         srcset=\"\"\t\t\n         sizes=\"(max-width: 570px) 100vw, 570px\"      \/>\n        <\/figure>\n      <\/div>\n              <\/li>\n                      <\/ul>\n        <\/div>\n      <\/div>\n    <\/div>\n  <\/div>\n\n<\/div>\n\n      <\/div>\n    <\/div>\n  <\/div>\n<\/section>\n<div class=\"container-xxl\"><div class=\"row\"><div class=\"col-12 px-2\">\n\n<\/div><\/div><\/div><section class=\"block   block--textes-images\n  bg-gray-300\n\" data-scroll>\n  <div class=\"container-xxl\">\n    <div class=\"row\">\n      <div class=\"col-12 p-1 px-md-3 px-xxl-1\">\n                                                                                <h2 class=\"field-hn px-1 mb-1\">\n                  <span class=\"field-subtitle\">Il<\/span>\n                  <span class=\"field-title\">nostro approccio<\/span>\n            <\/h2>\n                  \n         \n<div class=\"row mt-6 mt-md-8\">\n\n  <div class=\"content-wrapper col-12 col-md-6 order-md-2 \">\n    <div class=\"content\">\n      <div class=\"splide main-carousel\">\n        <div class=\"splide__track\">\n          <ul class=\"splide__list\">\n                          <li class=\"splide__slide\">\n                <div class=\" px-3 px-md-5 px-md-6 pt-3 pt-md-5 pb-3 \">\n                    \n                      <div class=\"field-text\"><p>I benefici di queste competenze si manifestano su pi\u00f9 livelli: maggiore soddisfazione del cliente e incremento del fatturato, riduzione dei tempi tra l\u2019evasione dell\u2019ordine e la consegna in boutique, migliore previsione dei fabbisogni per la gestione degli ordini\u2026<\/p>\n<\/div>\n                                  \n                <\/div>\n              <\/li>\n                      <\/ul>\n        <\/div>\n      <\/div>\n      <div class=\"splide-pagination-custom d-none pb-3 justify-content-center align-items-center\">\n        <button type=\"button\" class=\"btn btn-link text-decoration-none p-1 text-red custom-prev-arrow\"> &lt; <\/button>\n        \n        <div class=\"pagination-numbers\">\n          <span class=\"current-index\">01<\/span> \/ <span class=\"total-slides\">01<\/span>\n        <\/div>\n\n        <button type=\"button\" class=\"btn btn-link text-decoration-none p-1 text-red custom-next-arrow\"> &gt; <\/button>\n      <\/div>\n    <\/div>\n  <\/div>\n\n  <div class=\"col-12 col-md-5 order-md-1\">\n    <div class=\"row d-flex justify-content-center align-items-start\">\n      <div class=\"splide thumbnail-carousel\">\n        <div class=\"splide__track\">\n          <ul class=\"splide__list\">\n                          <li class=\"splide__slide\">\n                \t\t\t\t\t\t\t\t\n\n  <div class=\"field-image text-md-end\">\n    <figure class=\"field-image--figure h-100 m-0\">\n      <img decoding=\"async\" src=\"https:\/\/www.adoneconseil.fr\/it\/wp-content\/uploads\/sites\/3\/2025\/08\/Secteurs-Notre-approche-570x350-1.jpg\" \n        class=\"img-fluid field-image--img\"\n         alt=\"Image d'illustration\"         title=\"Secteurs-Notre-approche-570&#215;350\"         width=\"570\"         height=\"350\"         srcset=\"\"\t\t\n         sizes=\"(max-width: 570px) 100vw, 570px\"      \/>\n        <\/figure>\n      <\/div>\n              <\/li>\n                      <\/ul>\n        <\/div>\n      <\/div>\n    <\/div>\n  <\/div>\n\n<\/div>\n\n      <\/div>\n    <\/div>\n  <\/div>\n<\/section>\n<div class=\"container-xxl\"><div class=\"row\"><div class=\"col-12 px-2\">\n\n<\/div><\/div><\/div><section class=\"block   block--texte-relation-articles\n\" data-scroll>\n  <div class=\"container-xxl\">\n    <div class=\"row\">\n      <div class=\"col-12 p-1 px-md-3 px-xxl-1\">\n                                                                                <h2 class=\"field-hn px-1 mb-1\">\n                  <span class=\"field-subtitle\">I<\/span>\n                  <span class=\"field-title\">nostri progetti<\/span>\n            <\/h2>\n                  \n         \n\n  <ul class=\"row row--card mx-n1\">       \n      <\/ul>  \n\n  \n      <\/div>\n    <\/div>\n  <\/div>\n<\/section>\n<div class=\"container-xxl\"><div class=\"row\"><div class=\"col-12 px-2\">\n\n<\/div><\/div><\/div><section class=\"block   block--contact\n\" data-scroll>\n  <div class=\"container-xxl\">\n    <div class=\"row\">\n      <div class=\"col-12 p-1 px-md-3 px-xxl-1\">\n        \n         \n\n  \n      <div class=\"row justify-content-center py-1\">\n                  <div class=\"col-12 col-sm-12 col-md-6 py-2 px-3\">\n\n                <h2 class=\"field-title text-center\">Hai un progetto? Discutiamone insieme.<\/h2>\n\n                <div class=\"field-text text-center\"><p>Parliamo delle vostre ambizioni e valutiamo come le nostre competenze possono accelerare la vostra trasformazione.<\/p>\n<\/div>\n\n\n\n            \t<div class=\"field-link text-center\">\n\t\t<a \n\t\t\thref=\"\/contact\/\"\t\n\t\t\ttarget=\"\" \n\t\t\t class=\"btn btn-black\" \t\t\t\t\t\t\t title=\"Contatta un esperto\" \t\t\t\t\t\t\t\t\t\t\t>Contatta un esperto<\/a>\n\t<\/div>\n \n\n          <\/div>\n                  <div class=\"col-12 col-sm-12 col-md-6 py-2 px-3\">\n\n                <h2 class=\"field-title text-center\">Hai delle competenze?<\/h2>\n\n                <div class=\"field-text text-center\"><p>Siamo sempre alla ricerca di talenti appassionati da inserire nei nostri team e lavorare su progetti stimolanti.<\/p>\n<\/div>\n\n\n\n            \t<div class=\"field-link text-center\">\n\t\t<a \n\t\t\thref=\"\/offre-emploi\/\"\t\n\t\t\ttarget=\"\" \n\t\t\t class=\"btn btn-danger\" \t\t\t\t\t\t\t title=\"Unisciti ai nostri team\" \t\t\t\t\t\t\t\t\t\t\t>Unisciti ai nostri team<\/a>\n\t<\/div>\n \n\n          <\/div>\n              <\/div>\n\n\n\n      <\/div>\n    <\/div>\n  <\/div>\n<\/section>\n","protected":false},"excerpt":{"rendered":"<p>L\u2019industria della Moda e dell\u2019Abbigliamento \u00e8 un settore in cui poche grandi Maison convivono con una vasta maggioranza di PMI del pr\u00eat-\u00e0-porter. In entrambi questi contesti, tuttavia, un elemento rimane centrale: l\u2019innovazione, costantemente ricercata.<\/p>\n","protected":false},"author":1,"featured_media":737,"parent":228,"menu_order":0,"comment_status":"closed","ping_status":"closed","template":"","meta":{"_acf_changed":false,"footnotes":""},"class_list":["post-265","page","type-page","status-publish","has-post-thumbnail","hentry"],"acf":[],"yoast_head":"<!-- This site is optimized with the Yoast SEO plugin v26.7 - https:\/\/yoast.com\/wordpress\/plugins\/seo\/ -->\n<title>Moda &amp; Abbigliamento - Adone Conseil<\/title>\n<meta name=\"robots\" content=\"index, follow, max-snippet:-1, max-image-preview:large, max-video-preview:-1\" \/>\n<link rel=\"canonical\" href=\"https:\/\/www.adoneconseil.fr\/it\/tutti-i-settori\/moda-abbigliamento\/\" \/>\n<meta property=\"og:locale\" content=\"it_IT\" \/>\n<meta property=\"og:type\" content=\"article\" \/>\n<meta property=\"og:title\" content=\"Moda &amp; Abbigliamento - Adone Conseil\" \/>\n<meta property=\"og:description\" content=\"L\u2019industria della Moda e dell\u2019Abbigliamento \u00e8 un settore in cui poche grandi Maison convivono con una vasta maggioranza di PMI del pr\u00eat-\u00e0-porter. In entrambi questi contesti, tuttavia, un elemento rimane centrale: l\u2019innovazione, costantemente ricercata.\" \/>\n<meta property=\"og:url\" content=\"https:\/\/www.adoneconseil.fr\/it\/tutti-i-settori\/moda-abbigliamento\/\" \/>\n<meta property=\"og:site_name\" content=\"Adone Conseil\" \/>\n<meta property=\"article:modified_time\" content=\"2026-01-20T08:26:44+00:00\" \/>\n<meta property=\"og:image\" content=\"https:\/\/www.adoneconseil.fr\/it\/wp-content\/uploads\/sites\/3\/2025\/08\/Bandeau-Mode_et_habillement-65.jpg\" \/>\n\t<meta property=\"og:image:width\" content=\"1920\" \/>\n\t<meta property=\"og:image:height\" content=\"1280\" \/>\n\t<meta property=\"og:image:type\" content=\"image\/jpeg\" \/>\n<meta name=\"twitter:card\" content=\"summary_large_image\" \/>\n<meta name=\"twitter:label1\" content=\"Tempo di lettura stimato\" \/>\n\t<meta name=\"twitter:data1\" content=\"1 minuto\" \/>\n<script type=\"application\/ld+json\" class=\"yoast-schema-graph\">{\"@context\":\"https:\/\/schema.org\",\"@graph\":[{\"@type\":\"WebPage\",\"@id\":\"https:\/\/www.adoneconseil.fr\/it\/tutti-i-settori\/moda-abbigliamento\/\",\"url\":\"https:\/\/www.adoneconseil.fr\/it\/tutti-i-settori\/moda-abbigliamento\/\",\"name\":\"Moda &amp; Abbigliamento - Adone Conseil\",\"isPartOf\":{\"@id\":\"https:\/\/www.adoneconseil.fr\/it\/#website\"},\"primaryImageOfPage\":{\"@id\":\"https:\/\/www.adoneconseil.fr\/it\/tutti-i-settori\/moda-abbigliamento\/#primaryimage\"},\"image\":{\"@id\":\"https:\/\/www.adoneconseil.fr\/it\/tutti-i-settori\/moda-abbigliamento\/#primaryimage\"},\"thumbnailUrl\":\"https:\/\/www.adoneconseil.fr\/it\/wp-content\/uploads\/sites\/3\/2025\/08\/Bandeau-Mode_et_habillement-65.jpg\",\"datePublished\":\"2025-07-25T08:17:02+00:00\",\"dateModified\":\"2026-01-20T08:26:44+00:00\",\"breadcrumb\":{\"@id\":\"https:\/\/www.adoneconseil.fr\/it\/tutti-i-settori\/moda-abbigliamento\/#breadcrumb\"},\"inLanguage\":\"it-IT\",\"potentialAction\":[{\"@type\":\"ReadAction\",\"target\":[\"https:\/\/www.adoneconseil.fr\/it\/tutti-i-settori\/moda-abbigliamento\/\"]}]},{\"@type\":\"ImageObject\",\"inLanguage\":\"it-IT\",\"@id\":\"https:\/\/www.adoneconseil.fr\/it\/tutti-i-settori\/moda-abbigliamento\/#primaryimage\",\"url\":\"https:\/\/www.adoneconseil.fr\/it\/wp-content\/uploads\/sites\/3\/2025\/08\/Bandeau-Mode_et_habillement-65.jpg\",\"contentUrl\":\"https:\/\/www.adoneconseil.fr\/it\/wp-content\/uploads\/sites\/3\/2025\/08\/Bandeau-Mode_et_habillement-65.jpg\",\"width\":1920,\"height\":1280},{\"@type\":\"BreadcrumbList\",\"@id\":\"https:\/\/www.adoneconseil.fr\/it\/tutti-i-settori\/moda-abbigliamento\/#breadcrumb\",\"itemListElement\":[{\"@type\":\"ListItem\",\"position\":1,\"name\":\"Home\",\"item\":\"https:\/\/www.adoneconseil.fr\/it\/\"},{\"@type\":\"ListItem\",\"position\":2,\"name\":\"Tutti i settori\",\"item\":\"https:\/\/www.adoneconseil.fr\/it\/tutti-i-settori\/\"},{\"@type\":\"ListItem\",\"position\":3,\"name\":\"Moda &amp; Abbigliamento\"}]},{\"@type\":\"WebSite\",\"@id\":\"https:\/\/www.adoneconseil.fr\/it\/#website\",\"url\":\"https:\/\/www.adoneconseil.fr\/it\/\",\"name\":\"Adone Conseil\",\"description\":\"\",\"potentialAction\":[{\"@type\":\"SearchAction\",\"target\":{\"@type\":\"EntryPoint\",\"urlTemplate\":\"https:\/\/www.adoneconseil.fr\/it\/?s={search_term_string}\"},\"query-input\":{\"@type\":\"PropertyValueSpecification\",\"valueRequired\":true,\"valueName\":\"search_term_string\"}}],\"inLanguage\":\"it-IT\"}]}<\/script>\n<!-- \/ Yoast SEO plugin. -->","yoast_head_json":{"title":"Moda &amp; Abbigliamento - Adone Conseil","robots":{"index":"index","follow":"follow","max-snippet":"max-snippet:-1","max-image-preview":"max-image-preview:large","max-video-preview":"max-video-preview:-1"},"canonical":"https:\/\/www.adoneconseil.fr\/it\/tutti-i-settori\/moda-abbigliamento\/","og_locale":"it_IT","og_type":"article","og_title":"Moda &amp; Abbigliamento - Adone Conseil","og_description":"L\u2019industria della Moda e dell\u2019Abbigliamento \u00e8 un settore in cui poche grandi Maison convivono con una vasta maggioranza di PMI del pr\u00eat-\u00e0-porter. In entrambi questi contesti, tuttavia, un elemento rimane centrale: l\u2019innovazione, costantemente ricercata.","og_url":"https:\/\/www.adoneconseil.fr\/it\/tutti-i-settori\/moda-abbigliamento\/","og_site_name":"Adone Conseil","article_modified_time":"2026-01-20T08:26:44+00:00","og_image":[{"width":1920,"height":1280,"url":"https:\/\/www.adoneconseil.fr\/it\/wp-content\/uploads\/sites\/3\/2025\/08\/Bandeau-Mode_et_habillement-65.jpg","type":"image\/jpeg"}],"twitter_card":"summary_large_image","twitter_misc":{"Tempo di lettura stimato":"1 minuto"},"schema":{"@context":"https:\/\/schema.org","@graph":[{"@type":"WebPage","@id":"https:\/\/www.adoneconseil.fr\/it\/tutti-i-settori\/moda-abbigliamento\/","url":"https:\/\/www.adoneconseil.fr\/it\/tutti-i-settori\/moda-abbigliamento\/","name":"Moda &amp; Abbigliamento - Adone Conseil","isPartOf":{"@id":"https:\/\/www.adoneconseil.fr\/it\/#website"},"primaryImageOfPage":{"@id":"https:\/\/www.adoneconseil.fr\/it\/tutti-i-settori\/moda-abbigliamento\/#primaryimage"},"image":{"@id":"https:\/\/www.adoneconseil.fr\/it\/tutti-i-settori\/moda-abbigliamento\/#primaryimage"},"thumbnailUrl":"https:\/\/www.adoneconseil.fr\/it\/wp-content\/uploads\/sites\/3\/2025\/08\/Bandeau-Mode_et_habillement-65.jpg","datePublished":"2025-07-25T08:17:02+00:00","dateModified":"2026-01-20T08:26:44+00:00","breadcrumb":{"@id":"https:\/\/www.adoneconseil.fr\/it\/tutti-i-settori\/moda-abbigliamento\/#breadcrumb"},"inLanguage":"it-IT","potentialAction":[{"@type":"ReadAction","target":["https:\/\/www.adoneconseil.fr\/it\/tutti-i-settori\/moda-abbigliamento\/"]}]},{"@type":"ImageObject","inLanguage":"it-IT","@id":"https:\/\/www.adoneconseil.fr\/it\/tutti-i-settori\/moda-abbigliamento\/#primaryimage","url":"https:\/\/www.adoneconseil.fr\/it\/wp-content\/uploads\/sites\/3\/2025\/08\/Bandeau-Mode_et_habillement-65.jpg","contentUrl":"https:\/\/www.adoneconseil.fr\/it\/wp-content\/uploads\/sites\/3\/2025\/08\/Bandeau-Mode_et_habillement-65.jpg","width":1920,"height":1280},{"@type":"BreadcrumbList","@id":"https:\/\/www.adoneconseil.fr\/it\/tutti-i-settori\/moda-abbigliamento\/#breadcrumb","itemListElement":[{"@type":"ListItem","position":1,"name":"Home","item":"https:\/\/www.adoneconseil.fr\/it\/"},{"@type":"ListItem","position":2,"name":"Tutti i settori","item":"https:\/\/www.adoneconseil.fr\/it\/tutti-i-settori\/"},{"@type":"ListItem","position":3,"name":"Moda &amp; Abbigliamento"}]},{"@type":"WebSite","@id":"https:\/\/www.adoneconseil.fr\/it\/#website","url":"https:\/\/www.adoneconseil.fr\/it\/","name":"Adone Conseil","description":"","potentialAction":[{"@type":"SearchAction","target":{"@type":"EntryPoint","urlTemplate":"https:\/\/www.adoneconseil.fr\/it\/?s={search_term_string}"},"query-input":{"@type":"PropertyValueSpecification","valueRequired":true,"valueName":"search_term_string"}}],"inLanguage":"it-IT"}]}},"_links":{"self":[{"href":"https:\/\/www.adoneconseil.fr\/it\/wp-json\/wp\/v2\/pages\/265","targetHints":{"allow":["GET"]}}],"collection":[{"href":"https:\/\/www.adoneconseil.fr\/it\/wp-json\/wp\/v2\/pages"}],"about":[{"href":"https:\/\/www.adoneconseil.fr\/it\/wp-json\/wp\/v2\/types\/page"}],"author":[{"embeddable":true,"href":"https:\/\/www.adoneconseil.fr\/it\/wp-json\/wp\/v2\/users\/1"}],"replies":[{"embeddable":true,"href":"https:\/\/www.adoneconseil.fr\/it\/wp-json\/wp\/v2\/comments?post=265"}],"version-history":[{"count":5,"href":"https:\/\/www.adoneconseil.fr\/it\/wp-json\/wp\/v2\/pages\/265\/revisions"}],"predecessor-version":[{"id":45963,"href":"https:\/\/www.adoneconseil.fr\/it\/wp-json\/wp\/v2\/pages\/265\/revisions\/45963"}],"up":[{"embeddable":true,"href":"https:\/\/www.adoneconseil.fr\/it\/wp-json\/wp\/v2\/pages\/228"}],"wp:featuredmedia":[{"embeddable":true,"href":"https:\/\/www.adoneconseil.fr\/it\/wp-json\/wp\/v2\/media\/737"}],"wp:attachment":[{"href":"https:\/\/www.adoneconseil.fr\/it\/wp-json\/wp\/v2\/media?parent=265"}],"curies":[{"name":"wp","href":"https:\/\/api.w.org\/{rel}","templated":true}]}}