{"id":230,"date":"2025-07-25T09:46:58","date_gmt":"2025-07-25T07:46:58","guid":{"rendered":"https:\/\/www.adoneconseil.fr\/?page_id=230"},"modified":"2026-01-15T15:36:53","modified_gmt":"2026-01-15T14:36:53","slug":"tutti-i-nostri-insights","status":"publish","type":"page","link":"https:\/\/www.adoneconseil.fr\/it\/tutti-i-nostri-insights\/","title":{"rendered":"Tutti i nostri insights"},"content":{"rendered":"<section class=\"block   block--textes-images\n  bg-white\n\" data-scroll>\n  <div class=\"container-xxl\">\n    <div class=\"row\">\n      <div class=\"col-12 p-1 px-md-3 px-xxl-1\">\n                                                                                <h2 class=\"field-hn px-1 mb-1\">\n                  <span class=\"field-subtitle\">Tutti<\/span>\n                  <span class=\"field-title\">i nostri articoli e news<\/span>\n            <\/h2>\n                  \n         \n<div class=\"row mt-6 mt-md-8\">\n\n  <div class=\"content-wrapper col-12 col-md-6 \">\n    <div class=\"content\">\n      <div class=\"splide main-carousel\">\n        <div class=\"splide__track\">\n          <ul class=\"splide__list\">\n                          <li class=\"splide__slide\">\n                <div class=\" px-3 px-md-5 px-md-6 pt-3 pt-md-5 pb-3 \">\n                    \n                      <div class=\"field-text\"><p>In settori in continua trasformazione come il Lusso e il Retail, la capacit\u00e0 di percepire i segnali deboli e anticipare i cambiamenti \u00e8 diventata essenziale. Questo spazio \u00e8 dedicato alle nostre analisi e all&#8217;interpretazione delle tendenze di fondo che stanno ridefinendo l&#8217;industria. I nostri esperti condividono qui punti di vista e insight per guidarvi nella complessit\u00e0 del presente e supportarvi nella costruzione dei successi di domani.<\/p>\n<\/div>\n                  \t<div>\n\t\t<a \n\t\t\thref=\"\/it\/notizie\/\"\t\n\t\t\ttarget=\"\" \n\t\t\t class=\"field-link btn btn-outline-danger mt-3 mb-1\" \t\t\t\t\t\t\t title=\"Articoli e news\" \t\t\t\t\t\t\t\t\t\t\t>Articoli e news<\/a>\n\t<\/div>\n                \n                <\/div>\n              <\/li>\n                      <\/ul>\n        <\/div>\n      <\/div>\n      <div class=\"splide-pagination-custom d-none pb-3 justify-content-center align-items-center\">\n        <button type=\"button\" class=\"btn btn-link text-decoration-none p-1 text-red custom-prev-arrow\"> &lt; <\/button>\n        \n        <div class=\"pagination-numbers\">\n          <span class=\"current-index\">01<\/span> \/ <span class=\"total-slides\">01<\/span>\n        <\/div>\n\n        <button type=\"button\" class=\"btn btn-link text-decoration-none p-1 text-red custom-next-arrow\"> &gt; <\/button>\n      <\/div>\n    <\/div>\n  <\/div>\n\n  <div class=\"col-12 col-md-5\">\n    <div class=\"row d-flex justify-content-center align-items-start\">\n      <div class=\"splide thumbnail-carousel\">\n        <div class=\"splide__track\">\n          <ul class=\"splide__list\">\n                          <li class=\"splide__slide\">\n                \t\t\t\t\t\t\t\t\n\n  <div class=\"field-image \">\n    <figure class=\"field-image--figure h-100 m-0\">\n      <img decoding=\"async\" src=\"https:\/\/www.adoneconseil.fr\/it\/wp-content\/uploads\/sites\/3\/2026\/01\/Homme-costume-rose.jpg\" \n        class=\"img-fluid field-image--img\"\n         alt=\"Homme costume rose\"         title=\"Homme costume rose\"         width=\"1200\"         height=\"800\"         srcset=\"\"\t\t\n         sizes=\"(max-width: 1200px) 100vw, 1200px\"      \/>\n        <\/figure>\n      <\/div>\n              <\/li>\n                      <\/ul>\n        <\/div>\n      <\/div>\n    <\/div>\n  <\/div>\n\n<\/div>\n\n      <\/div>\n    <\/div>\n  <\/div>\n<\/section>\n<div class=\"container-xxl\"><div class=\"row\"><div class=\"col-12 px-2\">\n\n<\/div><\/div><\/div><section class=\"block   block--textes-images\n  bg-white\n\" data-scroll>\n  <div class=\"container-xxl\">\n    <div class=\"row\">\n      <div class=\"col-12 p-1 px-md-3 px-xxl-1\">\n                                                                                <h2 class=\"field-hn px-1 mb-1\">\n                  <span class=\"field-subtitle\">Tutti i nostri<\/span>\n                  <span class=\"field-title\">casi di studio<\/span>\n            <\/h2>\n                  \n         \n<div class=\"row mt-6 mt-md-8\">\n\n  <div class=\"content-wrapper col-12 col-md-6 order-md-2 \">\n    <div class=\"content\">\n      <div class=\"splide main-carousel\">\n        <div class=\"splide__track\">\n          <ul class=\"splide__list\">\n                          <li class=\"splide__slide\">\n                <div class=\" px-3 px-md-5 px-md-6 pt-3 pt-md-5 pb-3 \">\n                    \n                      <div class=\"field-text\"><p>Ci hanno scelto: scoprite come abbiamo affiancato grandi realt\u00e0 nel successo dei loro progetti di trasformazione. Attraverso le nostre collaborazioni, vi mostriamo come la nostra competenza si traduce in soluzioni concrete e risultati tangibili.<\/p>\n<\/div>\n                  \t<div>\n\t\t<a \n\t\t\thref=\"\/it\/caso-cliente\/\"\t\n\t\t\ttarget=\"\" \n\t\t\t class=\"field-link btn btn-outline-danger mt-3 mb-1\" \t\t\t\t\t\t\t title=\"Scopri di pi\u00f9\" \t\t\t\t\t\t\t\t\t\t\t>Scopri di pi\u00f9<\/a>\n\t<\/div>\n                \n                <\/div>\n              <\/li>\n                      <\/ul>\n        <\/div>\n      <\/div>\n      <div class=\"splide-pagination-custom d-none pb-3 justify-content-center align-items-center\">\n        <button type=\"button\" class=\"btn btn-link text-decoration-none p-1 text-red custom-prev-arrow\"> &lt; <\/button>\n        \n        <div class=\"pagination-numbers\">\n          <span class=\"current-index\">01<\/span> \/ <span class=\"total-slides\">01<\/span>\n        <\/div>\n\n        <button type=\"button\" class=\"btn btn-link text-decoration-none p-1 text-red custom-next-arrow\"> &gt; <\/button>\n      <\/div>\n    <\/div>\n  <\/div>\n\n  <div class=\"col-12 col-md-5 order-md-1\">\n    <div class=\"row d-flex justify-content-center align-items-start\">\n      <div class=\"splide thumbnail-carousel\">\n        <div class=\"splide__track\">\n          <ul class=\"splide__list\">\n                          <li class=\"splide__slide\">\n                \t\t\t\t\t\t\t\t\n\n  <div class=\"field-image text-md-end\">\n    <figure class=\"field-image--figure h-100 m-0\">\n      <img decoding=\"async\" src=\"https:\/\/www.adoneconseil.fr\/it\/wp-content\/uploads\/sites\/3\/2026\/01\/Header-actualites-67.png\" \n        class=\"img-fluid field-image--img\"\n         alt=\"Casi di studio\"         title=\"Casi di studio\"         width=\"1920\"         height=\"1280\"         srcset=\"\"\t\t\n         sizes=\"(max-width: 1920px) 100vw, 1920px\"      \/>\n        <\/figure>\n      <\/div>\n              <\/li>\n                      <\/ul>\n        <\/div>\n      <\/div>\n    <\/div>\n  <\/div>\n\n<\/div>\n\n      <\/div>\n    <\/div>\n  <\/div>\n<\/section>\n<div class=\"container-xxl\"><div class=\"row\"><div class=\"col-12 px-2\">\n\n<\/div><\/div><\/div><div class=\"container-xxl\"><div class=\"row\"><div class=\"col-12 py-1 px-2\"><div class=\"wp-block-paragraph\">\n<p><\/p>\n<\/div><\/div><\/div><\/div>","protected":false},"excerpt":{"rendered":"","protected":false},"author":1,"featured_media":0,"parent":0,"menu_order":0,"comment_status":"closed","ping_status":"closed","template":"","meta":{"_acf_changed":false,"footnotes":""},"class_list":["post-230","page","type-page","status-publish","hentry"],"acf":[],"yoast_head":"<!-- This site is optimized with the Yoast SEO plugin v26.7 - https:\/\/yoast.com\/wordpress\/plugins\/seo\/ -->\n<title>Tutti i nostri insights - Adone Conseil<\/title>\n<meta name=\"robots\" content=\"index, follow, max-snippet:-1, max-image-preview:large, max-video-preview:-1\" \/>\n<link rel=\"canonical\" href=\"https:\/\/www.adoneconseil.fr\/it\/tutti-i-nostri-insights\/\" \/>\n<meta property=\"og:locale\" content=\"it_IT\" \/>\n<meta property=\"og:type\" content=\"article\" \/>\n<meta property=\"og:title\" content=\"Tutti i nostri insights - Adone Conseil\" \/>\n<meta property=\"og:url\" content=\"https:\/\/www.adoneconseil.fr\/it\/tutti-i-nostri-insights\/\" \/>\n<meta property=\"og:site_name\" content=\"Adone Conseil\" \/>\n<meta property=\"article:modified_time\" content=\"2026-01-15T14:36:53+00:00\" \/>\n<meta name=\"twitter:card\" content=\"summary_large_image\" \/>\n<script type=\"application\/ld+json\" class=\"yoast-schema-graph\">{\"@context\":\"https:\/\/schema.org\",\"@graph\":[{\"@type\":\"WebPage\",\"@id\":\"https:\/\/www.adoneconseil.fr\/it\/tutti-i-nostri-insights\/\",\"url\":\"https:\/\/www.adoneconseil.fr\/it\/tutti-i-nostri-insights\/\",\"name\":\"Tutti i nostri insights - Adone Conseil\",\"isPartOf\":{\"@id\":\"https:\/\/www.adoneconseil.fr\/it\/#website\"},\"datePublished\":\"2025-07-25T07:46:58+00:00\",\"dateModified\":\"2026-01-15T14:36:53+00:00\",\"breadcrumb\":{\"@id\":\"https:\/\/www.adoneconseil.fr\/it\/tutti-i-nostri-insights\/#breadcrumb\"},\"inLanguage\":\"it-IT\",\"potentialAction\":[{\"@type\":\"ReadAction\",\"target\":[\"https:\/\/www.adoneconseil.fr\/it\/tutti-i-nostri-insights\/\"]}]},{\"@type\":\"BreadcrumbList\",\"@id\":\"https:\/\/www.adoneconseil.fr\/it\/tutti-i-nostri-insights\/#breadcrumb\",\"itemListElement\":[{\"@type\":\"ListItem\",\"position\":1,\"name\":\"Home\",\"item\":\"https:\/\/www.adoneconseil.fr\/it\/\"},{\"@type\":\"ListItem\",\"position\":2,\"name\":\"Tutti i nostri insights\"}]},{\"@type\":\"WebSite\",\"@id\":\"https:\/\/www.adoneconseil.fr\/it\/#website\",\"url\":\"https:\/\/www.adoneconseil.fr\/it\/\",\"name\":\"Adone Conseil\",\"description\":\"\",\"potentialAction\":[{\"@type\":\"SearchAction\",\"target\":{\"@type\":\"EntryPoint\",\"urlTemplate\":\"https:\/\/www.adoneconseil.fr\/it\/?s={search_term_string}\"},\"query-input\":{\"@type\":\"PropertyValueSpecification\",\"valueRequired\":true,\"valueName\":\"search_term_string\"}}],\"inLanguage\":\"it-IT\"}]}<\/script>\n<!-- \/ Yoast SEO plugin. -->","yoast_head_json":{"title":"Tutti i nostri insights - Adone Conseil","robots":{"index":"index","follow":"follow","max-snippet":"max-snippet:-1","max-image-preview":"max-image-preview:large","max-video-preview":"max-video-preview:-1"},"canonical":"https:\/\/www.adoneconseil.fr\/it\/tutti-i-nostri-insights\/","og_locale":"it_IT","og_type":"article","og_title":"Tutti i nostri insights - Adone Conseil","og_url":"https:\/\/www.adoneconseil.fr\/it\/tutti-i-nostri-insights\/","og_site_name":"Adone Conseil","article_modified_time":"2026-01-15T14:36:53+00:00","twitter_card":"summary_large_image","schema":{"@context":"https:\/\/schema.org","@graph":[{"@type":"WebPage","@id":"https:\/\/www.adoneconseil.fr\/it\/tutti-i-nostri-insights\/","url":"https:\/\/www.adoneconseil.fr\/it\/tutti-i-nostri-insights\/","name":"Tutti i nostri insights - Adone Conseil","isPartOf":{"@id":"https:\/\/www.adoneconseil.fr\/it\/#website"},"datePublished":"2025-07-25T07:46:58+00:00","dateModified":"2026-01-15T14:36:53+00:00","breadcrumb":{"@id":"https:\/\/www.adoneconseil.fr\/it\/tutti-i-nostri-insights\/#breadcrumb"},"inLanguage":"it-IT","potentialAction":[{"@type":"ReadAction","target":["https:\/\/www.adoneconseil.fr\/it\/tutti-i-nostri-insights\/"]}]},{"@type":"BreadcrumbList","@id":"https:\/\/www.adoneconseil.fr\/it\/tutti-i-nostri-insights\/#breadcrumb","itemListElement":[{"@type":"ListItem","position":1,"name":"Home","item":"https:\/\/www.adoneconseil.fr\/it\/"},{"@type":"ListItem","position":2,"name":"Tutti i nostri insights"}]},{"@type":"WebSite","@id":"https:\/\/www.adoneconseil.fr\/it\/#website","url":"https:\/\/www.adoneconseil.fr\/it\/","name":"Adone Conseil","description":"","potentialAction":[{"@type":"SearchAction","target":{"@type":"EntryPoint","urlTemplate":"https:\/\/www.adoneconseil.fr\/it\/?s={search_term_string}"},"query-input":{"@type":"PropertyValueSpecification","valueRequired":true,"valueName":"search_term_string"}}],"inLanguage":"it-IT"}]}},"_links":{"self":[{"href":"https:\/\/www.adoneconseil.fr\/it\/wp-json\/wp\/v2\/pages\/230","targetHints":{"allow":["GET"]}}],"collection":[{"href":"https:\/\/www.adoneconseil.fr\/it\/wp-json\/wp\/v2\/pages"}],"about":[{"href":"https:\/\/www.adoneconseil.fr\/it\/wp-json\/wp\/v2\/types\/page"}],"author":[{"embeddable":true,"href":"https:\/\/www.adoneconseil.fr\/it\/wp-json\/wp\/v2\/users\/1"}],"replies":[{"embeddable":true,"href":"https:\/\/www.adoneconseil.fr\/it\/wp-json\/wp\/v2\/comments?post=230"}],"version-history":[{"count":3,"href":"https:\/\/www.adoneconseil.fr\/it\/wp-json\/wp\/v2\/pages\/230\/revisions"}],"predecessor-version":[{"id":45598,"href":"https:\/\/www.adoneconseil.fr\/it\/wp-json\/wp\/v2\/pages\/230\/revisions\/45598"}],"wp:attachment":[{"href":"https:\/\/www.adoneconseil.fr\/it\/wp-json\/wp\/v2\/media?parent=230"}],"curies":[{"name":"wp","href":"https:\/\/api.w.org\/{rel}","templated":true}]}}