{"id":845,"date":"2025-08-20T17:31:28","date_gmt":"2025-08-20T15:31:28","guid":{"rendered":"https:\/\/www.adoneconseil.fr\/?page_id=845"},"modified":"2026-01-16T15:21:21","modified_gmt":"2026-01-16T14:21:21","slug":"our-internal-programmes","status":"publish","type":"page","link":"https:\/\/www.adoneconseil.fr\/en\/life-at-the-firm\/our-internal-programmes\/","title":{"rendered":"Our internal programmes"},"content":{"rendered":"\n<div style=\"height:100px\" aria-hidden=\"true\" class=\"wp-block-spacer\"><\/div>\n<div class=\"container-xxl\"><div class=\"row\"><div class=\"col-12 px-2\">\n\n<\/div><\/div><\/div><div class=\"container-xxl\"><div class=\"row\"><div class=\"col-12 py-1 px-2\"><div class=\"wp-block-paragraph\">\n<p class=\"has-text-align-center\">More than just a consulting firm, Adone also offers internal programmes that represent the fundamentals of our corporate culture (conviviality, solidarity and well-being) and initiatives from our employees based in Paris, Geneva, Milan and London, who help the firm grow day after day. Don&#8217;t wait any longer, discover the inside of Adone.<\/p>\n<\/div><\/div><\/div><\/div><div class=\"container-xxl\"><div class=\"row\"><div class=\"col-12 px-2\">\n\n<\/div><\/div><\/div><section class=\"block   block--textes-images\n  bg-white\n\" data-scroll>\n  <div class=\"container-xxl\">\n    <div class=\"row\">\n      <div class=\"col-12 p-1 px-md-3 px-xxl-1\">\n        \n         \n<div class=\"row mt-6 mt-md-8\">\n\n  <div class=\"content-wrapper col-12 col-md-6 \">\n    <div class=\"content\">\n      <div class=\"splide main-carousel\">\n        <div class=\"splide__track\">\n          <ul class=\"splide__list\">\n                          <li class=\"splide__slide\">\n                <div class=\" px-3 px-md-5 px-md-6 pt-3 pt-md-5 pb-3 \">\n                      <h2 class=\"text-serif field-title\">Adone Feel Good<\/h2>\n  \n                      <div class=\"field-text\"><p>Since 2017, Adone Conseil has been offering its employees monthly sports and wellness activities. Boxing, yoga, rowing, sailing, and even fencing\u2014there&#8217;s something for everyone.<\/p>\n<p>Our program has even been recognized with the \u201cSentez-vous Sport\u201d trophy, awarded by the French Olympic Committee!<\/p>\n<\/div>\n                                  \n                <\/div>\n              <\/li>\n                      <\/ul>\n        <\/div>\n      <\/div>\n      <div class=\"splide-pagination-custom d-none pb-3 justify-content-center align-items-center\">\n        <button type=\"button\" class=\"btn btn-link text-decoration-none p-1 text-red custom-prev-arrow\"> &lt; <\/button>\n        \n        <div class=\"pagination-numbers\">\n          <span class=\"current-index\">01<\/span> \/ <span class=\"total-slides\">01<\/span>\n        <\/div>\n\n        <button type=\"button\" class=\"btn btn-link text-decoration-none p-1 text-red custom-next-arrow\"> &gt; <\/button>\n      <\/div>\n    <\/div>\n  <\/div>\n\n  <div class=\"col-12 col-md-5\">\n    <div class=\"row d-flex justify-content-center align-items-start\">\n      <div class=\"splide thumbnail-carousel\">\n        <div class=\"splide__track\">\n          <ul class=\"splide__list\">\n                          <li class=\"splide__slide\">\n                \t\t\t\t\t\t\t\t\n\n  <div class=\"field-image \">\n    <figure class=\"field-image--figure h-100 m-0\">\n      <img decoding=\"async\" src=\"https:\/\/www.adoneconseil.fr\/en\/wp-content\/uploads\/sites\/2\/2025\/11\/Adone-Feel-Good-Escrime.png\" \n        class=\"img-fluid field-image--img\"\n         alt=\"Image d'illustration\"         title=\"Adone Feel Good &#8211; Escrime\"         width=\"1920\"         height=\"1080\"         srcset=\"\"\t\t\n         sizes=\"(max-width: 1920px) 100vw, 1920px\"      \/>\n        <\/figure>\n      <\/div>\n              <\/li>\n                      <\/ul>\n        <\/div>\n      <\/div>\n    <\/div>\n  <\/div>\n\n<\/div>\n\n      <\/div>\n    <\/div>\n  <\/div>\n<\/section>\n<div class=\"container-xxl\"><div class=\"row\"><div class=\"col-12 px-2\">\n\n<\/div><\/div><\/div><section class=\"block   block--textes-images\n  bg-white\n\" data-scroll>\n  <div class=\"container-xxl\">\n    <div class=\"row\">\n      <div class=\"col-12 p-1 px-md-3 px-xxl-1\">\n        \n         \n<div class=\"row mt-6 mt-md-8\">\n\n  <div class=\"content-wrapper col-12 col-md-6 order-md-2 \">\n    <div class=\"content\">\n      <div class=\"splide main-carousel\">\n        <div class=\"splide__track\">\n          <ul class=\"splide__list\">\n                          <li class=\"splide__slide\">\n                <div class=\" px-3 px-md-5 px-md-6 pt-3 pt-md-5 pb-3 \">\n                      <h2 class=\"text-serif field-title\">Adone Arts<\/h2>\n  \n                      <div class=\"field-text\"><p>Are you into theater? Exhibitions? Opera? Modern art? You&#8217;re sure to find something you love! Since 2020, Adone has been offering its employees monthly outings to develop their artistic sensibilities and share unique experiences!<\/p>\n<\/div>\n                                  \n                <\/div>\n              <\/li>\n                      <\/ul>\n        <\/div>\n      <\/div>\n      <div class=\"splide-pagination-custom d-none pb-3 justify-content-center align-items-center\">\n        <button type=\"button\" class=\"btn btn-link text-decoration-none p-1 text-red custom-prev-arrow\"> &lt; <\/button>\n        \n        <div class=\"pagination-numbers\">\n          <span class=\"current-index\">01<\/span> \/ <span class=\"total-slides\">01<\/span>\n        <\/div>\n\n        <button type=\"button\" class=\"btn btn-link text-decoration-none p-1 text-red custom-next-arrow\"> &gt; <\/button>\n      <\/div>\n    <\/div>\n  <\/div>\n\n  <div class=\"col-12 col-md-5 order-md-1\">\n    <div class=\"row d-flex justify-content-center align-items-start\">\n      <div class=\"splide thumbnail-carousel\">\n        <div class=\"splide__track\">\n          <ul class=\"splide__list\">\n                          <li class=\"splide__slide\">\n                \t\t\t\t\t\t\t\t\n\n  <div class=\"field-image text-md-end\">\n    <figure class=\"field-image--figure h-100 m-0\">\n      <img decoding=\"async\" src=\"https:\/\/www.adoneconseil.fr\/en\/wp-content\/uploads\/sites\/2\/2025\/11\/Image-1-1-scaled-1.jpg\" \n        class=\"img-fluid field-image--img\"\n         alt=\"Image d'illustration\"         title=\"Image (1) 1\"         width=\"2560\"         height=\"1920\"         srcset=\"https:\/\/www.adoneconseil.fr\/en\/wp-content\/uploads\/sites\/2\/2025\/11\/Image-1-1-scaled-1-400x300.jpg 400w, https:\/\/www.adoneconseil.fr\/en\/wp-content\/uploads\/sites\/2\/2025\/11\/Image-1-1-scaled-1-1024x768.jpg 1024w, https:\/\/www.adoneconseil.fr\/en\/wp-content\/uploads\/sites\/2\/2025\/11\/Image-1-1-scaled-1-1536x1152.jpg 1536w, https:\/\/www.adoneconseil.fr\/en\/wp-content\/uploads\/sites\/2\/2025\/11\/Image-1-1-scaled-1-2048x1536.jpg 2048w\"\t\t\n         sizes=\"(max-width: 2560px) 100vw, 2560px\"      \/>\n        <\/figure>\n      <\/div>\n              <\/li>\n                      <\/ul>\n        <\/div>\n      <\/div>\n    <\/div>\n  <\/div>\n\n<\/div>\n\n      <\/div>\n    <\/div>\n  <\/div>\n<\/section>\n<div class=\"container-xxl\"><div class=\"row\"><div class=\"col-12 px-2\">\n\n<\/div><\/div><\/div><section class=\"block   block--textes-images\n  bg-white\n\" data-scroll>\n  <div class=\"container-xxl\">\n    <div class=\"row\">\n      <div class=\"col-12 p-1 px-md-3 px-xxl-1\">\n        \n         \n<div class=\"row mt-6 mt-md-8\">\n\n  <div class=\"content-wrapper col-12 col-md-6 \">\n    <div class=\"content\">\n      <div class=\"splide main-carousel\">\n        <div class=\"splide__track\">\n          <ul class=\"splide__list\">\n                          <li class=\"splide__slide\">\n                <div class=\" px-3 px-md-5 px-md-6 pt-3 pt-md-5 pb-3 \">\n                      <h2 class=\"text-serif field-title\">AdonEvents<\/h2>\n  \n                      <div class=\"field-text\"><p>At Adone, there is of course work, but there are also (above all!) internal events. After-work gatherings, parties, and seminars\u2014the year is punctuated by events open to all Adonians.<\/p>\n<p>More than just a program, AdonEvents illustrates the conviviality and good humor that reflect our corporate culture.<\/p>\n<\/div>\n                                  \n                <\/div>\n              <\/li>\n                      <\/ul>\n        <\/div>\n      <\/div>\n      <div class=\"splide-pagination-custom d-none pb-3 justify-content-center align-items-center\">\n        <button type=\"button\" class=\"btn btn-link text-decoration-none p-1 text-red custom-prev-arrow\"> &lt; <\/button>\n        \n        <div class=\"pagination-numbers\">\n          <span class=\"current-index\">01<\/span> \/ <span class=\"total-slides\">01<\/span>\n        <\/div>\n\n        <button type=\"button\" class=\"btn btn-link text-decoration-none p-1 text-red custom-next-arrow\"> &gt; <\/button>\n      <\/div>\n    <\/div>\n  <\/div>\n\n  <div class=\"col-12 col-md-5\">\n    <div class=\"row d-flex justify-content-center align-items-start\">\n      <div class=\"splide thumbnail-carousel\">\n        <div class=\"splide__track\">\n          <ul class=\"splide__list\">\n                          <li class=\"splide__slide\">\n                \t\t\t\t\t\t\t\t\n\n  <div class=\"field-image \">\n    <figure class=\"field-image--figure h-100 m-0\">\n      <img decoding=\"async\" src=\"https:\/\/www.adoneconseil.fr\/en\/wp-content\/uploads\/sites\/2\/2025\/11\/AdonEvents-Soiree-ete.png\" \n        class=\"img-fluid field-image--img\"\n         alt=\"Image d'illustration\"         title=\"AdonEvents Soir\u00e9e \u00e9t\u00e9\"         width=\"1920\"         height=\"1080\"         srcset=\"\"\t\t\n         sizes=\"(max-width: 1920px) 100vw, 1920px\"      \/>\n        <\/figure>\n      <\/div>\n              <\/li>\n                      <\/ul>\n        <\/div>\n      <\/div>\n    <\/div>\n  <\/div>\n\n<\/div>\n\n      <\/div>\n    <\/div>\n  <\/div>\n<\/section>\n<div class=\"container-xxl\"><div class=\"row\"><div class=\"col-12 px-2\">\n\n<\/div><\/div><\/div><section class=\"block   block--contact\n\" data-scroll>\n  <div class=\"container-xxl\">\n    <div class=\"row\">\n      <div class=\"col-12 p-1 px-md-3 px-xxl-1\">\n        \n         \n\n  \n      <div class=\"row justify-content-center py-1\">\n                  <div class=\"col-12 col-sm-12 col-md-6 py-2 px-3\">\n\n                <h2 class=\"field-title text-center\">Do you have an expertise?<\/h2>\n\n                <div class=\"field-text text-center\"><p>We are always looking for passionate talent to join our teams and work on exciting projects.<\/p>\n<\/div>\n\n\n\n            \t<div class=\"field-link text-center\">\n\t\t<a \n\t\t\thref=\"\/job-opening\/\"\t\n\t\t\ttarget=\"\" \n\t\t\t class=\"btn btn-danger\" \t\t\t\t\t\t\t title=\"Join us\" \t\t\t\t\t\t\t\t\t\t\t>Join us<\/a>\n\t<\/div>\n \n\n          <\/div>\n              <\/div>\n\n\n\n      <\/div>\n    <\/div>\n  <\/div>\n<\/section>\n<div class=\"container-xxl\"><div class=\"row\"><div class=\"col-12 px-2\">\n\n<\/div><\/div><\/div><section class=\"block   block--texte-relation-articles\n\" data-scroll>\n  <div class=\"container-xxl\">\n    <div class=\"row\">\n      <div class=\"col-12 p-1 px-md-3 px-xxl-1\">\n                                                                                <h2 class=\"field-hn px-1 mb-1\">\n                  <span class=\"field-subtitle\">News<\/span>\n                  <span class=\"field-title\">Adone Inside<\/span>\n            <\/h2>\n                  \n         \n\n  <ul class=\"row row--card mx-n1\">       \n          <li class=\"col-12 col-md-6 col-lg-4 col-xl-3 pb-2\">\n        <div class=\"card card--post\">  \n  <div class=\"card-image\">  \n            <figure class=\"field-image m-0\">\n    <img decoding=\"async\" \n      src=\"https:\/\/www.adoneconseil.fr\/en\/wp-content\/uploads\/sites\/2\/2026\/01\/Header-actualites-80-400x300.png\" \n    \t class=\"img-fluid\"        alt=\"Greetings card 2026\"       title=\"Greetings card 2026\"       width=\"400\"       height=\"300\"          \/>\n      <\/figure>\n      <\/div>\n            <p class=\"card-posttype card-posttype--internal\">Internal post<\/p>          \n    \n\n        <h2 class=\"card-title\">\n      <a href=\"https:\/\/www.adoneconseil.fr\/en\/internal-post\/adone-wishes-you-an-excellent-year-2026\/\" title=\"Adone wishes you an excellent year 2026!\">Adone wishes you an excellent year 2026!<\/a>\n    <\/h2>\n        <ul class=\"card-terms\">\n                        <li class=\"\">Corporate<\/li>\n                  <\/ul>\n   \n  <div class=\"card-footer\">\n    <a href=\"https:\/\/www.adoneconseil.fr\/en\/internal-post\/adone-wishes-you-an-excellent-year-2026\/\" title=\"Adone wishes you an excellent year 2026!\">More info<\/a>\n  <\/div>\n<\/div>\n      <\/li>\n          <li class=\"col-12 col-md-6 col-lg-4 col-xl-3 pb-2\">\n        <div class=\"card card--post\">  \n  <div class=\"card-image\">  \n            <figure class=\"field-image m-0\">\n    <img decoding=\"async\" \n      src=\"https:\/\/www.adoneconseil.fr\/en\/wp-content\/uploads\/sites\/2\/2024\/12\/Header-Soukeina-Hassanaly-principal-400x300.png\" \n    \t class=\"img-fluid\"        alt=\"Nomination\u202f: Soukeina Nathoo Hassanaly est nomm\u00e9e Principal\"       title=\"Header-Soukeina-Hassanaly-principal\"       width=\"400\"       height=\"300\"          \/>\n      <\/figure>\n      <\/div>\n            <p class=\"card-posttype card-posttype--internal\">Internal post<\/p>          \n    \n\n        <h2 class=\"card-title\">\n      <a href=\"https:\/\/www.adoneconseil.fr\/en\/internal-post\/soukeine-nathoo-hassanaly-appointed-principal-2\/\" title=\"Appointment: Soukeina Nathoo Hassanaly appointed Principal\">Appointment: Soukeina Nathoo Hassanaly appointed Principal<\/a>\n    <\/h2>\n        <ul class=\"card-terms\">\n                                      <li class=\"\">Corporate<\/li>\n                                <\/ul>\n   \n  <div class=\"card-footer\">\n    <a href=\"https:\/\/www.adoneconseil.fr\/en\/internal-post\/soukeine-nathoo-hassanaly-appointed-principal-2\/\" title=\"Appointment: Soukeina Nathoo Hassanaly appointed Principal\">More info<\/a>\n  <\/div>\n<\/div>\n      <\/li>\n          <li class=\"col-12 col-md-6 col-lg-4 col-xl-3 pb-2\">\n        <div class=\"card card--post\">  \n  <div class=\"card-image\">  \n            <figure class=\"field-image m-0\">\n    <img decoding=\"async\" \n      src=\"https:\/\/www.adoneconseil.fr\/en\/wp-content\/uploads\/sites\/2\/2024\/12\/Header-Soukeina-Hassanaly-principal-1-400x300.png\" \n    \t class=\"img-fluid\"        alt=\"Carte de voeux 2025\"       title=\"Carte de voeux 2025\"       width=\"400\"       height=\"300\"          \/>\n      <\/figure>\n      <\/div>\n            <p class=\"card-posttype card-posttype--internal\">Internal post<\/p>          \n    \n\n        <h2 class=\"card-title\">\n      <a href=\"https:\/\/www.adoneconseil.fr\/en\/internal-post\/adone-wishes-you-an-excellent-year-2025-2\/\" title=\"Adone wishes you an excellent year 2025!\">Adone wishes you an excellent year 2025!<\/a>\n    <\/h2>\n        <ul class=\"card-terms\">\n                        <li class=\"\">Corporate<\/li>\n                  <\/ul>\n   \n  <div class=\"card-footer\">\n    <a href=\"https:\/\/www.adoneconseil.fr\/en\/internal-post\/adone-wishes-you-an-excellent-year-2025-2\/\" title=\"Adone wishes you an excellent year 2025!\">More info<\/a>\n  <\/div>\n<\/div>\n      <\/li>\n          <li class=\"col-12 col-md-6 col-lg-4 col-xl-3 pb-2\">\n        <div class=\"card card--post\">  \n  <div class=\"card-image\">  \n            <figure class=\"field-image m-0\">\n    <img decoding=\"async\" \n      src=\"https:\/\/www.adoneconseil.fr\/en\/wp-content\/uploads\/sites\/2\/2024\/06\/2024.06.18-Adone-Conseil-@leadily-scaled-1-400x300.jpg\" \n    \t class=\"img-fluid\"        alt=\"Image d'illustration\"       title=\"2024.06.18 &#8211; Adone Conseil @leadily\"       width=\"400\"       height=\"300\"          \/>\n      <\/figure>\n      <\/div>\n            <p class=\"card-posttype card-posttype--internal\">Internal post<\/p>          \n    \n\n        <h2 class=\"card-title\">\n      <a href=\"https:\/\/www.adoneconseil.fr\/en\/internal-post\/adone-moves-its-headquarters-to-the-heart-of-the-haussmann-district\/\" title=\"Adone moves its headquarters to the heart of the Haussmann district\">Adone moves its headquarters to the heart of the Haussmann district<\/a>\n    <\/h2>\n        <ul class=\"card-terms\">\n                                      <li class=\"\">Corporate<\/li>\n                                <\/ul>\n   \n  <div class=\"card-footer\">\n    <a href=\"https:\/\/www.adoneconseil.fr\/en\/internal-post\/adone-moves-its-headquarters-to-the-heart-of-the-haussmann-district\/\" title=\"Adone moves its headquarters to the heart of the Haussmann district\">More info<\/a>\n  <\/div>\n<\/div>\n      <\/li>\n      <\/ul>  \n\n  \n      <\/div>\n    <\/div>\n  <\/div>\n<\/section>\n<div class=\"container-xxl\"><div class=\"row\"><div class=\"col-12 px-2\">\n\n<\/div><\/div><\/div>\n<div style=\"height:100px\" aria-hidden=\"true\" class=\"wp-block-spacer\"><\/div>\n","protected":false},"excerpt":{"rendered":"<p>More than just a consulting firm, Adone also offers internal programmes that represent the fundamentals of our corporate culture (conviviality, solidarity and well-being) and initiatives from our employees based in Paris, Geneva, Milan and London, who help the firm grow day after day. Don&#8217;t wait any longer, discover the inside of Adone.<\/p>\n","protected":false},"author":2,"featured_media":0,"parent":839,"menu_order":0,"comment_status":"closed","ping_status":"closed","template":"","meta":{"_acf_changed":false,"footnotes":""},"class_list":["post-845","page","type-page","status-publish","hentry"],"acf":[],"yoast_head":"<!-- This site is optimized with the Yoast SEO plugin v26.7 - https:\/\/yoast.com\/wordpress\/plugins\/seo\/ -->\n<title>Our internal programmes - Adone Conseil<\/title>\n<meta name=\"description\" content=\"More than just a consulting firm, Adone also offers internal programmes that represent the fundamentals of our corporate culture.\" \/>\n<meta name=\"robots\" content=\"index, follow, max-snippet:-1, max-image-preview:large, max-video-preview:-1\" \/>\n<link rel=\"canonical\" href=\"https:\/\/www.adoneconseil.fr\/en\/life-at-the-firm\/our-internal-programmes\/\" \/>\n<meta property=\"og:locale\" content=\"en_GB\" \/>\n<meta property=\"og:type\" content=\"article\" \/>\n<meta property=\"og:title\" content=\"Our internal programmes - Adone Conseil\" \/>\n<meta property=\"og:description\" content=\"More than just a consulting firm, Adone also offers internal programmes that represent the fundamentals of our corporate culture.\" \/>\n<meta property=\"og:url\" content=\"https:\/\/www.adoneconseil.fr\/en\/life-at-the-firm\/our-internal-programmes\/\" \/>\n<meta property=\"og:site_name\" content=\"Adone Conseil\" \/>\n<meta property=\"article:modified_time\" content=\"2026-01-16T14:21:21+00:00\" \/>\n<meta name=\"twitter:card\" content=\"summary_large_image\" \/>\n<meta name=\"twitter:label1\" content=\"Estimated reading time\" \/>\n\t<meta name=\"twitter:data1\" content=\"1 minute\" \/>\n<script type=\"application\/ld+json\" class=\"yoast-schema-graph\">{\"@context\":\"https:\/\/schema.org\",\"@graph\":[{\"@type\":\"WebPage\",\"@id\":\"https:\/\/www.adoneconseil.fr\/en\/life-at-the-firm\/our-internal-programmes\/\",\"url\":\"https:\/\/www.adoneconseil.fr\/en\/life-at-the-firm\/our-internal-programmes\/\",\"name\":\"Our internal programmes - Adone Conseil\",\"isPartOf\":{\"@id\":\"https:\/\/www.adoneconseil.fr\/en\/#website\"},\"datePublished\":\"2025-08-20T15:31:28+00:00\",\"dateModified\":\"2026-01-16T14:21:21+00:00\",\"description\":\"More than just a consulting firm, Adone also offers internal programmes that represent the fundamentals of our corporate culture.\",\"breadcrumb\":{\"@id\":\"https:\/\/www.adoneconseil.fr\/en\/life-at-the-firm\/our-internal-programmes\/#breadcrumb\"},\"inLanguage\":\"en-GB\",\"potentialAction\":[{\"@type\":\"ReadAction\",\"target\":[\"https:\/\/www.adoneconseil.fr\/en\/life-at-the-firm\/our-internal-programmes\/\"]}]},{\"@type\":\"BreadcrumbList\",\"@id\":\"https:\/\/www.adoneconseil.fr\/en\/life-at-the-firm\/our-internal-programmes\/#breadcrumb\",\"itemListElement\":[{\"@type\":\"ListItem\",\"position\":1,\"name\":\"Home\",\"item\":\"https:\/\/www.adoneconseil.fr\/en\/\"},{\"@type\":\"ListItem\",\"position\":2,\"name\":\"Life at the firm\",\"item\":\"https:\/\/www.adoneconseil.fr\/en\/life-at-the-firm\/\"},{\"@type\":\"ListItem\",\"position\":3,\"name\":\"Our internal programmes\"}]},{\"@type\":\"WebSite\",\"@id\":\"https:\/\/www.adoneconseil.fr\/en\/#website\",\"url\":\"https:\/\/www.adoneconseil.fr\/en\/\",\"name\":\"Adone Conseil\",\"description\":\"\",\"potentialAction\":[{\"@type\":\"SearchAction\",\"target\":{\"@type\":\"EntryPoint\",\"urlTemplate\":\"https:\/\/www.adoneconseil.fr\/en\/?s={search_term_string}\"},\"query-input\":{\"@type\":\"PropertyValueSpecification\",\"valueRequired\":true,\"valueName\":\"search_term_string\"}}],\"inLanguage\":\"en-GB\"}]}<\/script>\n<!-- \/ Yoast SEO plugin. -->","yoast_head_json":{"title":"Our internal programmes - Adone Conseil","description":"More than just a consulting firm, Adone also offers internal programmes that represent the fundamentals of our corporate culture.","robots":{"index":"index","follow":"follow","max-snippet":"max-snippet:-1","max-image-preview":"max-image-preview:large","max-video-preview":"max-video-preview:-1"},"canonical":"https:\/\/www.adoneconseil.fr\/en\/life-at-the-firm\/our-internal-programmes\/","og_locale":"en_GB","og_type":"article","og_title":"Our internal programmes - Adone Conseil","og_description":"More than just a consulting firm, Adone also offers internal programmes that represent the fundamentals of our corporate culture.","og_url":"https:\/\/www.adoneconseil.fr\/en\/life-at-the-firm\/our-internal-programmes\/","og_site_name":"Adone Conseil","article_modified_time":"2026-01-16T14:21:21+00:00","twitter_card":"summary_large_image","twitter_misc":{"Estimated reading time":"1 minute"},"schema":{"@context":"https:\/\/schema.org","@graph":[{"@type":"WebPage","@id":"https:\/\/www.adoneconseil.fr\/en\/life-at-the-firm\/our-internal-programmes\/","url":"https:\/\/www.adoneconseil.fr\/en\/life-at-the-firm\/our-internal-programmes\/","name":"Our internal programmes - Adone Conseil","isPartOf":{"@id":"https:\/\/www.adoneconseil.fr\/en\/#website"},"datePublished":"2025-08-20T15:31:28+00:00","dateModified":"2026-01-16T14:21:21+00:00","description":"More than just a consulting firm, Adone also offers internal programmes that represent the fundamentals of our corporate culture.","breadcrumb":{"@id":"https:\/\/www.adoneconseil.fr\/en\/life-at-the-firm\/our-internal-programmes\/#breadcrumb"},"inLanguage":"en-GB","potentialAction":[{"@type":"ReadAction","target":["https:\/\/www.adoneconseil.fr\/en\/life-at-the-firm\/our-internal-programmes\/"]}]},{"@type":"BreadcrumbList","@id":"https:\/\/www.adoneconseil.fr\/en\/life-at-the-firm\/our-internal-programmes\/#breadcrumb","itemListElement":[{"@type":"ListItem","position":1,"name":"Home","item":"https:\/\/www.adoneconseil.fr\/en\/"},{"@type":"ListItem","position":2,"name":"Life at the firm","item":"https:\/\/www.adoneconseil.fr\/en\/life-at-the-firm\/"},{"@type":"ListItem","position":3,"name":"Our internal programmes"}]},{"@type":"WebSite","@id":"https:\/\/www.adoneconseil.fr\/en\/#website","url":"https:\/\/www.adoneconseil.fr\/en\/","name":"Adone Conseil","description":"","potentialAction":[{"@type":"SearchAction","target":{"@type":"EntryPoint","urlTemplate":"https:\/\/www.adoneconseil.fr\/en\/?s={search_term_string}"},"query-input":{"@type":"PropertyValueSpecification","valueRequired":true,"valueName":"search_term_string"}}],"inLanguage":"en-GB"}]}},"_links":{"self":[{"href":"https:\/\/www.adoneconseil.fr\/en\/wp-json\/wp\/v2\/pages\/845","targetHints":{"allow":["GET"]}}],"collection":[{"href":"https:\/\/www.adoneconseil.fr\/en\/wp-json\/wp\/v2\/pages"}],"about":[{"href":"https:\/\/www.adoneconseil.fr\/en\/wp-json\/wp\/v2\/types\/page"}],"author":[{"embeddable":true,"href":"https:\/\/www.adoneconseil.fr\/en\/wp-json\/wp\/v2\/users\/2"}],"replies":[{"embeddable":true,"href":"https:\/\/www.adoneconseil.fr\/en\/wp-json\/wp\/v2\/comments?post=845"}],"version-history":[{"count":3,"href":"https:\/\/www.adoneconseil.fr\/en\/wp-json\/wp\/v2\/pages\/845\/revisions"}],"predecessor-version":[{"id":45219,"href":"https:\/\/www.adoneconseil.fr\/en\/wp-json\/wp\/v2\/pages\/845\/revisions\/45219"}],"up":[{"embeddable":true,"href":"https:\/\/www.adoneconseil.fr\/en\/wp-json\/wp\/v2\/pages\/839"}],"wp:attachment":[{"href":"https:\/\/www.adoneconseil.fr\/en\/wp-json\/wp\/v2\/media?parent=845"}],"curies":[{"name":"wp","href":"https:\/\/api.w.org\/{rel}","templated":true}]}}