{"id":843,"date":"2025-08-20T17:30:50","date_gmt":"2025-08-20T15:30:50","guid":{"rendered":"https:\/\/www.adoneconseil.fr\/?page_id=843"},"modified":"2026-01-16T15:20:31","modified_gmt":"2026-01-16T14:20:31","slug":"conviviality","status":"publish","type":"page","link":"https:\/\/www.adoneconseil.fr\/en\/life-at-the-firm\/conviviality\/","title":{"rendered":"Conviviality"},"content":{"rendered":"<div class=\"container-xxl\"><div class=\"row\"><div class=\"col-12 py-1 px-2\"><div class=\"wp-block-paragraph\">\n<p class=\"has-text-align-center\">Life within the firm is punctuated by moments of interaction and celebration, which aim to foster a spirit of emulation and ensure the integration of new employees.<\/p>\n<\/div><\/div><\/div><\/div><div class=\"container-xxl\"><div class=\"row\"><div class=\"col-12 px-2\">\n\n<\/div><\/div><\/div>\n<div style=\"height:100px\" aria-hidden=\"true\" class=\"wp-block-spacer\"><\/div>\n<div class=\"container-xxl\"><div class=\"row\"><div class=\"col-12 px-2\">\n\n<\/div><\/div><\/div><section class=\"block   block--texte-image-video\n\" data-scroll>\n  <div class=\"container-xxl\">\n    <div class=\"row\">\n      <div class=\"col-12 p-1 px-md-3 px-xxl-1\">\n                                                      <h2 class=\"field-hn px-1 mb-1\">\n                  <span class=\"field-subtitle\">The <\/span>\n                  <span class=\"field-title\">annual seminar<\/span>\n            <\/h2>\n                  \n         \n<div class=\"row mt-6 mt-md-8\">\n   <div class=\"content-wrapper col-md-6\">\n    <div class=\"content p-3 px-md-6 py-md-5 bg-gray-100 h-100\">\n          <div class=\"field-text\"><p>At Adone, <b>successes are celebrated and efforts are rewarded!<\/b><\/p>\n<p>Every year for more than 10 years, all employees have been invited to spend a weekend at a surprise destination. Sardinia, La Baule, Evian-Les-Bains, or even the Giens Peninsula \u2014 each year, camaraderie is experienced in the spirit of a change of scenery.<\/p>\n<p>Take a look back at our seminar in Poltu Quatu, Sardinia, to celebrate Adone&#8217;s 15th anniversary, with a video and plenty of sunshine.<\/p>\n<\/div>\n               \n    <\/div>\n  <\/div>\n  \n  <div class=\"col-md-6\">\n          \t\t\t\t<div class=\"field-video ratio ratio-16x9 \">\n\t\t\t<lite-youtube videoid=\"Sqc09vfKvHE\" \n\t\t\t\tplaylabel=\"Vid\u00e9o Sqc09vfKvHE\" \n\t\t\t\tdata-name=\"clic_video\" \n\t\t\t\t\t\t\t><\/lite-youtube>\n\t\t<\/div>\n\t\n      \n\n\n\n\n<script type=\"application\/ld+json\">\n\t{\n    \"@context\": \"https:\/\/schema.org\",\n    \"@type\": \"VideoObject\",\n    \"name\": null,\n    \"thumbnailUrl\": [\n        null\n    ],\n    \"embedUrl\": \"https:\/\/i.ytimg.com\/vi_webp\/Sqc09vfKvHE\/sddefault.webp\"\n} \n<\/script>\n    \n      <\/div>\n<\/div>\n\n      <\/div>\n    <\/div>\n  <\/div>\n<\/section>\n<div class=\"container-xxl\"><div class=\"row\"><div class=\"col-12 px-2\">\n\n<\/div><\/div><\/div><section class=\"block   block--trombinoscope\n\" data-scroll>\n  <div class=\"container-xxl\">\n    <div class=\"row\">\n      <div class=\"col-12 p-1 px-md-3 px-xxl-1\">\n        \n         \n\n          <div class=\"row justify-content-center py-1\">\n                  <div class=\"col-12 col-sm-6 col-md-4 col-lg-3 py-2 px-3\">\n              <div class=\"card\">\n\n        <figure class=\"field-image\">\n    <img decoding=\"async\" \n      src=\"https:\/\/www.adoneconseil.fr\/en\/wp-content\/uploads\/sites\/2\/2025\/12\/2U6A7974-scaled-1.jpg\" \n    \t class=\"img-fluid\"        alt=\"Convivialite\"       title=\"Convivialite\"       width=\"2560\"       height=\"1708\"          \/>\n      <\/figure>\n  \n          <h3 class=\"field-title\">2022<\/h3>\n\n          <p class=\"field-text\">Poltu Quatu &#8211; Sardaigne<\/p>\n  \n      \n  <\/div>\n          <\/div>\n                  <div class=\"col-12 col-sm-6 col-md-4 col-lg-3 py-2 px-3\">\n              <div class=\"card\">\n\n        <figure class=\"field-image\">\n    <img decoding=\"async\" \n      src=\"https:\/\/www.adoneconseil.fr\/en\/wp-content\/uploads\/sites\/2\/2025\/12\/Adone-Giens-23-12.jpg\" \n    \t class=\"img-fluid\"        alt=\"Bien-\u00eatre\"       title=\"Bien-\u00eatre\"       width=\"2500\"       height=\"1667\"          \/>\n      <\/figure>\n  \n          <h3 class=\"field-title\">2023<\/h3>\n\n          <p class=\"field-text\">Presqu&#8217;\u00eele de Giens<\/p>\n  \n      \n  <\/div>\n          <\/div>\n                  <div class=\"col-12 col-sm-6 col-md-4 col-lg-3 py-2 px-3\">\n              <div class=\"card\">\n\n        <figure class=\"field-image\">\n    <img decoding=\"async\" \n      src=\"https:\/\/www.adoneconseil.fr\/en\/wp-content\/uploads\/sites\/2\/2025\/12\/Header-actualites-70.png\" \n    \t class=\"img-fluid\"        alt=\"Seminaire La Baule\"       title=\"Seminaire La Baule\"       width=\"1920\"       height=\"1280\"          \/>\n      <\/figure>\n  \n          <h3 class=\"field-title\">2024<\/h3>\n\n          <p class=\"field-text\">La Baule<\/p>\n  \n      \n  <\/div>\n          <\/div>\n                  <div class=\"col-12 col-sm-6 col-md-4 col-lg-3 py-2 px-3\">\n              <div class=\"card\">\n\n        <figure class=\"field-image\">\n    <img decoding=\"async\" \n      src=\"https:\/\/www.adoneconseil.fr\/en\/wp-content\/uploads\/sites\/2\/2025\/11\/Nos-programmes-internes-Voile.png\" \n    \t class=\"img-fluid\"        alt=\"Nos programmes internes - Voile\"       title=\"Nos programmes internes - Voile\"       width=\"1920\"       height=\"1080\"          \/>\n      <\/figure>\n  \n          <h3 class=\"field-title\">2025<\/h3>\n\n          <p class=\"field-text\">Evian-Les-Bains<\/p>\n  \n      \n  <\/div>\n          <\/div>\n              <\/div>\n    \n\n      <\/div>\n    <\/div>\n  <\/div>\n<\/section>\n<div class=\"container-xxl\"><div class=\"row\"><div class=\"col-12 px-2\">\n\n<\/div><\/div><\/div><section class=\"block   block--textes-images\n  bg-gray-300\n\" data-scroll>\n  <div class=\"container-xxl\">\n    <div class=\"row\">\n      <div class=\"col-12 p-1 px-md-3 px-xxl-1\">\n                                                                                <h2 class=\"field-hn px-1 mb-1\">\n                  <span class=\"field-subtitle\">Nos<\/span>\n                  <span class=\"field-title\">conventions internes<\/span>\n            <\/h2>\n                  \n         \n<div class=\"row mt-6 mt-md-8\">\n\n  <div class=\"content-wrapper col-12 col-md-6 order-md-2 \">\n    <div class=\"content\">\n      <div class=\"splide main-carousel\">\n        <div class=\"splide__track\">\n          <ul class=\"splide__list\">\n                          <li class=\"splide__slide\">\n                <div class=\" px-3 px-md-5 px-md-6 pt-3 pt-md-5 pb-3 \">\n                    \n                      <div class=\"field-text\"><p>Avec pour objectif de diffuser des messages importants sur la strat\u00e9gie du cabinet tout en passant un moment convivial, nous organisons depuis plusieurs ann\u00e9es des conventions internes.<\/p>\n<p>D\u00e9sormais incontournable, ce rendez-vous annuel nous permet de nous retrouver et de partager ensemble ce que sera le futur du cabinet.<\/p>\n<\/div>\n                                  \n                <\/div>\n              <\/li>\n                      <\/ul>\n        <\/div>\n      <\/div>\n      <div class=\"splide-pagination-custom d-none pb-3 justify-content-center align-items-center\">\n        <button type=\"button\" class=\"btn btn-link text-decoration-none p-1 text-red custom-prev-arrow\"> &lt; <\/button>\n        \n        <div class=\"pagination-numbers\">\n          <span class=\"current-index\">01<\/span> \/ <span class=\"total-slides\">01<\/span>\n        <\/div>\n\n        <button type=\"button\" class=\"btn btn-link text-decoration-none p-1 text-red custom-next-arrow\"> &gt; <\/button>\n      <\/div>\n    <\/div>\n  <\/div>\n\n  <div class=\"col-12 col-md-5 order-md-1\">\n    <div class=\"row d-flex justify-content-center align-items-start\">\n      <div class=\"splide thumbnail-carousel\">\n        <div class=\"splide__track\">\n          <ul class=\"splide__list\">\n                          <li class=\"splide__slide\">\n                \t\t\t\t\t\t\t\t\n\n  <div class=\"field-image text-md-end\">\n    <figure class=\"field-image--figure h-100 m-0\">\n      <img decoding=\"async\" src=\"https:\/\/www.adoneconseil.fr\/en\/wp-content\/uploads\/sites\/2\/2025\/12\/Header-actualites-71-e1768572235941.png\" \n        class=\"img-fluid field-image--img\"\n         alt=\"2024 - Convention interne Adone\"         title=\"2024 &#8211; Convention interne Adone\"         width=\"1526\"         height=\"915\"         srcset=\"\"\t\t\n         sizes=\"(max-width: 1526px) 100vw, 1526px\"      \/>\n        <\/figure>\n      <\/div>\n              <\/li>\n                      <\/ul>\n        <\/div>\n      <\/div>\n    <\/div>\n  <\/div>\n\n<\/div>\n\n      <\/div>\n    <\/div>\n  <\/div>\n<\/section>\n<div class=\"container-xxl\"><div class=\"row\"><div class=\"col-12 px-2\">\n\n<\/div><\/div><\/div><section class=\"block   block--textes-images\n  bg-white\n\" data-scroll>\n  <div class=\"container-xxl\">\n    <div class=\"row\">\n      <div class=\"col-12 p-1 px-md-3 px-xxl-1\">\n                                                                                <h2 class=\"field-hn px-1 mb-1\">\n                  <span class=\"field-subtitle\">Nos<\/span>\n                  <span class=\"field-title\">afterwroks<\/span>\n            <\/h2>\n                  \n         \n<div class=\"row mt-6 mt-md-8\">\n\n  <div class=\"content-wrapper col-12 col-md-6 \">\n    <div class=\"content\">\n      <div class=\"splide main-carousel\">\n        <div class=\"splide__track\">\n          <ul class=\"splide__list\">\n                          <li class=\"splide__slide\">\n                <div class=\" px-3 px-md-5 px-md-6 pt-3 pt-md-5 pb-3 \">\n                    \n                      <div class=\"field-text\"><p>Depuis la cr\u00e9ation du cabinet, nous pla\u00e7ons les notions de convivialit\u00e9 et de plaisir au travail comme une valeur essentielle et un facteur majeur de notre r\u00e9ussite.<\/p>\n<p>Les afterworks mensuels sont des rendez-vous incontournables pour les consultants. Vecteur d\u2019int\u00e9gration des nouveaux arrivants, ils permettent de s\u2019extraire de son stricte contexte mission pour s\u2019ouvrir aux autres.<br \/>\nEt deux fois par an, en \u00e9t\u00e9 et en hiver, sont organis\u00e9es des soir\u00e9es dans des lieux prestigieux.<\/p>\n<\/div>\n                                  \n                <\/div>\n              <\/li>\n                      <\/ul>\n        <\/div>\n      <\/div>\n      <div class=\"splide-pagination-custom d-none pb-3 justify-content-center align-items-center\">\n        <button type=\"button\" class=\"btn btn-link text-decoration-none p-1 text-red custom-prev-arrow\"> &lt; <\/button>\n        \n        <div class=\"pagination-numbers\">\n          <span class=\"current-index\">01<\/span> \/ <span class=\"total-slides\">01<\/span>\n        <\/div>\n\n        <button type=\"button\" class=\"btn btn-link text-decoration-none p-1 text-red custom-next-arrow\"> &gt; <\/button>\n      <\/div>\n    <\/div>\n  <\/div>\n\n  <div class=\"col-12 col-md-5\">\n    <div class=\"row d-flex justify-content-center align-items-start\">\n      <div class=\"splide thumbnail-carousel\">\n        <div class=\"splide__track\">\n          <ul class=\"splide__list\">\n                          <li class=\"splide__slide\">\n                \t\t\t\t\t\t\t\t\n\n  <div class=\"field-image \">\n    <figure class=\"field-image--figure h-100 m-0\">\n      <img decoding=\"async\" src=\"https:\/\/www.adoneconseil.fr\/en\/wp-content\/uploads\/sites\/2\/2025\/11\/AdonEvents-Soiree-ete.png\" \n        class=\"img-fluid field-image--img\"\n         alt=\"Image d'illustration\"         title=\"AdonEvents Soir\u00e9e \u00e9t\u00e9\"         width=\"1920\"         height=\"1080\"         srcset=\"\"\t\t\n         sizes=\"(max-width: 1920px) 100vw, 1920px\"      \/>\n        <\/figure>\n      <\/div>\n              <\/li>\n                      <\/ul>\n        <\/div>\n      <\/div>\n    <\/div>\n  <\/div>\n\n<\/div>\n\n      <\/div>\n    <\/div>\n  <\/div>\n<\/section>\n<div class=\"container-xxl\"><div class=\"row\"><div class=\"col-12 px-2\">\n\n<\/div><\/div><\/div><section class=\"block   block--texte-relation-articles\n\" data-scroll>\n  <div class=\"container-xxl\">\n    <div class=\"row\">\n      <div class=\"col-12 p-1 px-md-3 px-xxl-1\">\n                                                                                <h2 class=\"field-hn px-1 mb-1\">\n                  <span class=\"field-subtitle\">News<\/span>\n                  <span class=\"field-title\">Adone Inside<\/span>\n            <\/h2>\n                  \n         \n\n  <ul class=\"row row--card mx-n1\">       \n          <li class=\"col-12 col-md-6 col-lg-4 col-xl-3 pb-2\">\n        <div class=\"card card--post\">  \n  <div class=\"card-image\">  \n            <figure class=\"field-image m-0\">\n    <img decoding=\"async\" \n      src=\"https:\/\/www.adoneconseil.fr\/en\/wp-content\/uploads\/sites\/2\/2026\/01\/Header-actualites-80-400x300.png\" \n    \t class=\"img-fluid\"        alt=\"Greetings card 2026\"       title=\"Greetings card 2026\"       width=\"400\"       height=\"300\"          \/>\n      <\/figure>\n      <\/div>\n            <p class=\"card-posttype card-posttype--internal\">Internal post<\/p>          \n    \n\n        <h2 class=\"card-title\">\n      <a href=\"https:\/\/www.adoneconseil.fr\/en\/internal-post\/adone-wishes-you-an-excellent-year-2026\/\" title=\"Adone wishes you an excellent year 2026!\">Adone wishes you an excellent year 2026!<\/a>\n    <\/h2>\n        <ul class=\"card-terms\">\n                        <li class=\"\">Corporate<\/li>\n                  <\/ul>\n   \n  <div class=\"card-footer\">\n    <a href=\"https:\/\/www.adoneconseil.fr\/en\/internal-post\/adone-wishes-you-an-excellent-year-2026\/\" title=\"Adone wishes you an excellent year 2026!\">More info<\/a>\n  <\/div>\n<\/div>\n      <\/li>\n          <li class=\"col-12 col-md-6 col-lg-4 col-xl-3 pb-2\">\n        <div class=\"card card--post\">  \n  <div class=\"card-image\">  \n            <figure class=\"field-image m-0\">\n    <img decoding=\"async\" \n      src=\"https:\/\/www.adoneconseil.fr\/en\/wp-content\/uploads\/sites\/2\/2024\/12\/Header-Soukeina-Hassanaly-principal-400x300.png\" \n    \t class=\"img-fluid\"        alt=\"Nomination\u202f: Soukeina Nathoo Hassanaly est nomm\u00e9e Principal\"       title=\"Header-Soukeina-Hassanaly-principal\"       width=\"400\"       height=\"300\"          \/>\n      <\/figure>\n      <\/div>\n            <p class=\"card-posttype card-posttype--internal\">Internal post<\/p>          \n    \n\n        <h2 class=\"card-title\">\n      <a href=\"https:\/\/www.adoneconseil.fr\/en\/internal-post\/soukeine-nathoo-hassanaly-appointed-principal-2\/\" title=\"Appointment: Soukeina Nathoo Hassanaly appointed Principal\">Appointment: Soukeina Nathoo Hassanaly appointed Principal<\/a>\n    <\/h2>\n        <ul class=\"card-terms\">\n                                      <li class=\"\">Corporate<\/li>\n                                <\/ul>\n   \n  <div class=\"card-footer\">\n    <a href=\"https:\/\/www.adoneconseil.fr\/en\/internal-post\/soukeine-nathoo-hassanaly-appointed-principal-2\/\" title=\"Appointment: Soukeina Nathoo Hassanaly appointed Principal\">More info<\/a>\n  <\/div>\n<\/div>\n      <\/li>\n          <li class=\"col-12 col-md-6 col-lg-4 col-xl-3 pb-2\">\n        <div class=\"card card--post\">  \n  <div class=\"card-image\">  \n            <figure class=\"field-image m-0\">\n    <img decoding=\"async\" \n      src=\"https:\/\/www.adoneconseil.fr\/en\/wp-content\/uploads\/sites\/2\/2024\/12\/Header-Soukeina-Hassanaly-principal-1-400x300.png\" \n    \t class=\"img-fluid\"        alt=\"Carte de voeux 2025\"       title=\"Carte de voeux 2025\"       width=\"400\"       height=\"300\"          \/>\n      <\/figure>\n      <\/div>\n            <p class=\"card-posttype card-posttype--internal\">Internal post<\/p>          \n    \n\n        <h2 class=\"card-title\">\n      <a href=\"https:\/\/www.adoneconseil.fr\/en\/internal-post\/adone-wishes-you-an-excellent-year-2025-2\/\" title=\"Adone wishes you an excellent year 2025!\">Adone wishes you an excellent year 2025!<\/a>\n    <\/h2>\n        <ul class=\"card-terms\">\n                        <li class=\"\">Corporate<\/li>\n                  <\/ul>\n   \n  <div class=\"card-footer\">\n    <a href=\"https:\/\/www.adoneconseil.fr\/en\/internal-post\/adone-wishes-you-an-excellent-year-2025-2\/\" title=\"Adone wishes you an excellent year 2025!\">More info<\/a>\n  <\/div>\n<\/div>\n      <\/li>\n          <li class=\"col-12 col-md-6 col-lg-4 col-xl-3 pb-2\">\n        <div class=\"card card--post\">  \n  <div class=\"card-image\">  \n            <figure class=\"field-image m-0\">\n    <img decoding=\"async\" \n      src=\"https:\/\/www.adoneconseil.fr\/en\/wp-content\/uploads\/sites\/2\/2024\/06\/2024.06.18-Adone-Conseil-@leadily-scaled-1-400x300.jpg\" \n    \t class=\"img-fluid\"        alt=\"Image d'illustration\"       title=\"2024.06.18 &#8211; Adone Conseil @leadily\"       width=\"400\"       height=\"300\"          \/>\n      <\/figure>\n      <\/div>\n            <p class=\"card-posttype card-posttype--internal\">Internal post<\/p>          \n    \n\n        <h2 class=\"card-title\">\n      <a href=\"https:\/\/www.adoneconseil.fr\/en\/internal-post\/adone-moves-its-headquarters-to-the-heart-of-the-haussmann-district\/\" title=\"Adone moves its headquarters to the heart of the Haussmann district\">Adone moves its headquarters to the heart of the Haussmann district<\/a>\n    <\/h2>\n        <ul class=\"card-terms\">\n                                      <li class=\"\">Corporate<\/li>\n                                <\/ul>\n   \n  <div class=\"card-footer\">\n    <a href=\"https:\/\/www.adoneconseil.fr\/en\/internal-post\/adone-moves-its-headquarters-to-the-heart-of-the-haussmann-district\/\" title=\"Adone moves its headquarters to the heart of the Haussmann district\">More info<\/a>\n  <\/div>\n<\/div>\n      <\/li>\n      <\/ul>  \n\n  \n      <\/div>\n    <\/div>\n  <\/div>\n<\/section>\n","protected":false},"excerpt":{"rendered":"<p>Life within the firm is punctuated by moments of interaction and celebration, which aim to foster a spirit of emulation and ensure the integration of new employees.<\/p>\n","protected":false},"author":2,"featured_media":0,"parent":839,"menu_order":0,"comment_status":"closed","ping_status":"closed","template":"","meta":{"_acf_changed":false,"footnotes":""},"class_list":["post-843","page","type-page","status-publish","hentry"],"acf":[],"yoast_head":"<!-- This site is optimized with the Yoast SEO plugin v26.7 - https:\/\/yoast.com\/wordpress\/plugins\/seo\/ -->\n<title>Conviviality - Adone Conseil<\/title>\n<meta name=\"description\" content=\"Life within the firm is punctuated by moments of interaction and celebration, which aim to foster a spirit of emulation and ensure the integration of new employees.\" \/>\n<meta name=\"robots\" content=\"index, follow, max-snippet:-1, max-image-preview:large, max-video-preview:-1\" \/>\n<link rel=\"canonical\" href=\"https:\/\/www.adoneconseil.fr\/en\/life-at-the-firm\/conviviality\/\" \/>\n<meta property=\"og:locale\" content=\"en_GB\" \/>\n<meta property=\"og:type\" content=\"article\" \/>\n<meta property=\"og:title\" content=\"Conviviality - Adone Conseil\" \/>\n<meta property=\"og:description\" content=\"Life within the firm is punctuated by moments of interaction and celebration, which aim to foster a spirit of emulation and ensure the integration of new employees.\" \/>\n<meta property=\"og:url\" content=\"https:\/\/www.adoneconseil.fr\/en\/life-at-the-firm\/conviviality\/\" \/>\n<meta property=\"og:site_name\" content=\"Adone Conseil\" \/>\n<meta property=\"article:modified_time\" content=\"2026-01-16T14:20:31+00:00\" \/>\n<meta name=\"twitter:card\" content=\"summary_large_image\" \/>\n<meta name=\"twitter:label1\" content=\"Estimated reading time\" \/>\n\t<meta name=\"twitter:data1\" content=\"1 minute\" \/>\n<script type=\"application\/ld+json\" class=\"yoast-schema-graph\">{\"@context\":\"https:\/\/schema.org\",\"@graph\":[{\"@type\":\"WebPage\",\"@id\":\"https:\/\/www.adoneconseil.fr\/en\/life-at-the-firm\/conviviality\/\",\"url\":\"https:\/\/www.adoneconseil.fr\/en\/life-at-the-firm\/conviviality\/\",\"name\":\"Conviviality - Adone Conseil\",\"isPartOf\":{\"@id\":\"https:\/\/www.adoneconseil.fr\/en\/#website\"},\"datePublished\":\"2025-08-20T15:30:50+00:00\",\"dateModified\":\"2026-01-16T14:20:31+00:00\",\"description\":\"Life within the firm is punctuated by moments of interaction and celebration, which aim to foster a spirit of emulation and ensure the integration of new employees.\",\"breadcrumb\":{\"@id\":\"https:\/\/www.adoneconseil.fr\/en\/life-at-the-firm\/conviviality\/#breadcrumb\"},\"inLanguage\":\"en-GB\",\"potentialAction\":[{\"@type\":\"ReadAction\",\"target\":[\"https:\/\/www.adoneconseil.fr\/en\/life-at-the-firm\/conviviality\/\"]}]},{\"@type\":\"BreadcrumbList\",\"@id\":\"https:\/\/www.adoneconseil.fr\/en\/life-at-the-firm\/conviviality\/#breadcrumb\",\"itemListElement\":[{\"@type\":\"ListItem\",\"position\":1,\"name\":\"Home\",\"item\":\"https:\/\/www.adoneconseil.fr\/en\/\"},{\"@type\":\"ListItem\",\"position\":2,\"name\":\"Life at the firm\",\"item\":\"https:\/\/www.adoneconseil.fr\/en\/life-at-the-firm\/\"},{\"@type\":\"ListItem\",\"position\":3,\"name\":\"Conviviality\"}]},{\"@type\":\"WebSite\",\"@id\":\"https:\/\/www.adoneconseil.fr\/en\/#website\",\"url\":\"https:\/\/www.adoneconseil.fr\/en\/\",\"name\":\"Adone Conseil\",\"description\":\"\",\"potentialAction\":[{\"@type\":\"SearchAction\",\"target\":{\"@type\":\"EntryPoint\",\"urlTemplate\":\"https:\/\/www.adoneconseil.fr\/en\/?s={search_term_string}\"},\"query-input\":{\"@type\":\"PropertyValueSpecification\",\"valueRequired\":true,\"valueName\":\"search_term_string\"}}],\"inLanguage\":\"en-GB\"}]}<\/script>\n<!-- \/ Yoast SEO plugin. -->","yoast_head_json":{"title":"Conviviality - Adone Conseil","description":"Life within the firm is punctuated by moments of interaction and celebration, which aim to foster a spirit of emulation and ensure the integration of new employees.","robots":{"index":"index","follow":"follow","max-snippet":"max-snippet:-1","max-image-preview":"max-image-preview:large","max-video-preview":"max-video-preview:-1"},"canonical":"https:\/\/www.adoneconseil.fr\/en\/life-at-the-firm\/conviviality\/","og_locale":"en_GB","og_type":"article","og_title":"Conviviality - Adone Conseil","og_description":"Life within the firm is punctuated by moments of interaction and celebration, which aim to foster a spirit of emulation and ensure the integration of new employees.","og_url":"https:\/\/www.adoneconseil.fr\/en\/life-at-the-firm\/conviviality\/","og_site_name":"Adone Conseil","article_modified_time":"2026-01-16T14:20:31+00:00","twitter_card":"summary_large_image","twitter_misc":{"Estimated reading time":"1 minute"},"schema":{"@context":"https:\/\/schema.org","@graph":[{"@type":"WebPage","@id":"https:\/\/www.adoneconseil.fr\/en\/life-at-the-firm\/conviviality\/","url":"https:\/\/www.adoneconseil.fr\/en\/life-at-the-firm\/conviviality\/","name":"Conviviality - Adone Conseil","isPartOf":{"@id":"https:\/\/www.adoneconseil.fr\/en\/#website"},"datePublished":"2025-08-20T15:30:50+00:00","dateModified":"2026-01-16T14:20:31+00:00","description":"Life within the firm is punctuated by moments of interaction and celebration, which aim to foster a spirit of emulation and ensure the integration of new employees.","breadcrumb":{"@id":"https:\/\/www.adoneconseil.fr\/en\/life-at-the-firm\/conviviality\/#breadcrumb"},"inLanguage":"en-GB","potentialAction":[{"@type":"ReadAction","target":["https:\/\/www.adoneconseil.fr\/en\/life-at-the-firm\/conviviality\/"]}]},{"@type":"BreadcrumbList","@id":"https:\/\/www.adoneconseil.fr\/en\/life-at-the-firm\/conviviality\/#breadcrumb","itemListElement":[{"@type":"ListItem","position":1,"name":"Home","item":"https:\/\/www.adoneconseil.fr\/en\/"},{"@type":"ListItem","position":2,"name":"Life at the firm","item":"https:\/\/www.adoneconseil.fr\/en\/life-at-the-firm\/"},{"@type":"ListItem","position":3,"name":"Conviviality"}]},{"@type":"WebSite","@id":"https:\/\/www.adoneconseil.fr\/en\/#website","url":"https:\/\/www.adoneconseil.fr\/en\/","name":"Adone Conseil","description":"","potentialAction":[{"@type":"SearchAction","target":{"@type":"EntryPoint","urlTemplate":"https:\/\/www.adoneconseil.fr\/en\/?s={search_term_string}"},"query-input":{"@type":"PropertyValueSpecification","valueRequired":true,"valueName":"search_term_string"}}],"inLanguage":"en-GB"}]}},"_links":{"self":[{"href":"https:\/\/www.adoneconseil.fr\/en\/wp-json\/wp\/v2\/pages\/843","targetHints":{"allow":["GET"]}}],"collection":[{"href":"https:\/\/www.adoneconseil.fr\/en\/wp-json\/wp\/v2\/pages"}],"about":[{"href":"https:\/\/www.adoneconseil.fr\/en\/wp-json\/wp\/v2\/types\/page"}],"author":[{"embeddable":true,"href":"https:\/\/www.adoneconseil.fr\/en\/wp-json\/wp\/v2\/users\/2"}],"replies":[{"embeddable":true,"href":"https:\/\/www.adoneconseil.fr\/en\/wp-json\/wp\/v2\/comments?post=843"}],"version-history":[{"count":5,"href":"https:\/\/www.adoneconseil.fr\/en\/wp-json\/wp\/v2\/pages\/843\/revisions"}],"predecessor-version":[{"id":45218,"href":"https:\/\/www.adoneconseil.fr\/en\/wp-json\/wp\/v2\/pages\/843\/revisions\/45218"}],"up":[{"embeddable":true,"href":"https:\/\/www.adoneconseil.fr\/en\/wp-json\/wp\/v2\/pages\/839"}],"wp:attachment":[{"href":"https:\/\/www.adoneconseil.fr\/en\/wp-json\/wp\/v2\/media?parent=843"}],"curies":[{"name":"wp","href":"https:\/\/api.w.org\/{rel}","templated":true}]}}